{"id":36,"date":"2013-03-18T17:02:08","date_gmt":"2013-03-18T16:02:08","guid":{"rendered":"http:\/\/wp.123siggis.de\/?page_id=36"},"modified":"2025-12-01T15:04:41","modified_gmt":"2025-12-01T15:04:41","slug":"impressum","status":"publish","type":"page","link":"https:\/\/gf-sle.de\/?page_id=36","title":{"rendered":"Impressum"},"content":{"rendered":"<address style=\"padding-left: 150px;\">Geschichtsforum Schleiden\/Eifel e.V.<\/address>\n<address style=\"padding-left: 150px;\">Dr. Norbert Toporowsky<\/address>\n<address style=\"padding-left: 150px;\">Zum Hellesbach 24, 53937 Schleiden<\/address>\n<address style=\"padding-left: 150px;\">Tel.: +49 2445 8441<\/address>\n<address style=\"padding-left: 150px;\">eMail: info@gf-sle.de<\/address>\n<address style=\"padding-left: 150px;\">Internet: www.gf-sle.de<\/address>\n<address style=\"padding-left: 150px;\">Vertretungsberechtigter Vorstand:<\/address>\n<address style=\"padding-left: 150px;\">Dr. Norbert Toporowsky (1. Vorsitzender), Klaus Ranglack (Stellv. Vorsitzender), Siegfried Scholzen (Kassen- und Gesch\u00e4ftsf\u00fchrung);<br \/>\nBeisitzer: Marc Sauer und Herbert Wollgarten<\/address>\n<address style=\"padding-left: 150px;\">Registergericht: Amtsgericht D\u00fcren<\/address>\n<address style=\"padding-left: 150px;\">Registernummer: VR 2413, Kontoverbindung:<br \/>\nVR-Bank Nordeifel, Geschichtsforum Schleiden Eifel e.V.,<br \/>\nIBAN: <span style=\"font-family: tahoma, arial, helvetica, sans-serif;\">DE75 3706 9720 5009 2240 19, BIC: GENODED1SLE<\/span><\/address>\n<address style=\"padding-left: 150px;\"><a href=\"https:\/\/gf-sle.de\/wp-content\/uploads\/2018\/05\/1000-GFS-Satzung.pdf\">Satzung (pdf)<\/a><\/address>\n<address style=\"padding-left: 150px;\">\n<div data-canvas-width=\"451.8333333333337\">Mitgliedsbeitrag 24 \u20ac\/Jahr, Sch\u00fcler, Auszubildende<br \/>\nund Studenten k\u00f6nnen beitragsfrei Mitglied werden.<br \/>\n<a href=\"https:\/\/gf-sle.de\/?page_id=5394\">Antrag auf Mitgliedschaft<\/a><\/div>\n<div data-canvas-width=\"801.7666666666667\">&nbsp;_______________<\/div>\n<\/address>\n<address>&nbsp;<\/address>\n<address style=\"padding-left: 150px;\">Inhaltlich Verantwortlicher gem\u00e4\u00df \u00a7 10 Absatz 3 MDStV:<br \/>\nSiegfried Scholzen, Kirschdell 2<br \/>\n53937 Schleiden<\/address>\n<h6 style=\"text-align: left;\">&nbsp;<\/h6>\n<h5><b>Wichtige Datenschutzinformationen gem. <a href=\"https:\/\/dsgvo-gesetz.de\/\">DSGVO<\/a><\/b>. Der Schutz Ihrer pers\u00f6nlichen Daten ist uns sehr wichtig. Sie k\u00f6nnen unsere Seite bis auf wenige Ausnahmen ohne Eingabe von pers\u00f6nlichen Daten nutzen. Was, wann und wie, z.B. bei der Nutzung von Formularen, gepeichert wird sowie Ihre Auskunfts- und L\u00f6schungsrechte haben wir auf der Seite <b><a href=\"https:\/\/gf-sle.de\/?page_id=3760\">Datenschutz und Cookies<\/a><\/b> ausf\u00fchrlich beschrieben. Nutzen Sie bei Fragen unser <b><a href=\"https:\/\/gf-sle.de\/?page_id=2271\">Kontaktformular<\/a>. <\/b>Wir sind gerne f\u00fcr Sie da.<\/h5>\n<h5><strong>Bitte beachten:<\/strong> Alle Inhalte unseres Internetangebots sind urheberrechtlich gesch\u00fctzt \u00a9. Das Urheberrecht liegt, soweit nicht anders gekennzeichnet, beim Geschichtsforum oder den genannten Autoren\/Verfassern. Bitte kontaktieren Sie uns,&nbsp; wenn Sie mit Inhalten nicht einverstanden sind oder Inhalte dieses Internetangebotes verwenden m\u00f6chten: <a href=\"https:\/\/gf-sle.de\/?page_id=2271\">Kontakt Geschichtsforum Schleiden<\/a>. Wer unerlaubt Inhalte kopiert oder ver\u00e4ndert, macht sich gem\u00e4\u00df<a href=\"http:\/\/dejure.org\/gesetze\/UrhG\/106.html\"> \u00a7106 ff. UrhG<\/a> strafbar und muss mit Schadensersatzanspr\u00fcchen rechnen. Das Genannte gilt auch f\u00fcr verlinkte Seiten. <a href=\"https:\/\/gf-sle.de\/wp-content\/uploads\/2014\/09\/Disclaimer.pdf\">Weitere wichtige Infos zu Urheberrecht, Haftung und Datenschutz!<\/a><\/h5>\n<h5><strong>Haftungshinweis:<\/strong> Trotz sorgf\u00e4ltiger inhaltlicher Kontrolle \u00fcbernehmen wir keine Haftung f\u00fcr die Inhalte externer Links. F\u00fcr den Inhalt der verlinkten Seiten sind ausschlie\u00dflich deren Betreiber verantwortlich.<\/h5>\n<address style=\"padding-left: 60px;\">__________________________________________________________<\/address>\n<address style=\"padding-left: 60px;\">&nbsp;<\/address>\n<address style=\"padding-left: 60px;\">\n<h4 style=\"text-align: right;\"><span style=\"color: #0000ff;\"><b>Gestaltung\/Redaktion<\/b><\/span><\/h4>\n<address style=\"text-align: right;\">Siegfried Scholzen<br \/>\nKirschdell 2<br \/>\n53937 Schleiden<br \/>\nTelefon: +49 2445 5588<br \/>\nE-Mail: <a href=\"mailto:s.scholzen@geschichtsforumschleiden.de\">s.scholzen@geschichtsforumschleiden.de<\/a><\/address>\n<\/address>\n","protected":false},"excerpt":{"rendered":"<p>Geschichtsforum Schleiden\/Eifel e.V. Dr. Norbert Toporowsky Zum Hellesbach 24, 53937 Schleiden Tel.: +49 2445 8441 eMail: info@gf-sle.de Internet: www.gf-sle.de Vertretungsberechtigter Vorstand: Dr. Norbert Toporowsky (1. Vorsitzender), Klaus Ranglack (Stellv. Vorsitzender), Siegfried Scholzen (Kassen- und Gesch\u00e4ftsf\u00fchrung); Beisitzer: Marc Sauer und Herbert &hellip; <a href=\"https:\/\/gf-sle.de\/?page_id=36\">Weiterlesen <span class=\"meta-nav\">&rarr;<\/span><\/a><\/p>\n","protected":false},"author":1,"featured_media":0,"parent":0,"menu_order":5,"comment_status":"closed","ping_status":"closed","template":"","meta":{"ngg_post_thumbnail":0,"footnotes":""},"class_list":["post-36","page","type-page","status-publish","hentry"],"_links":{"self":[{"href":"https:\/\/gf-sle.de\/index.php?rest_route=\/wp\/v2\/pages\/36","targetHints":{"allow":["GET"]}}],"collection":[{"href":"https:\/\/gf-sle.de\/index.php?rest_route=\/wp\/v2\/pages"}],"about":[{"href":"https:\/\/gf-sle.de\/index.php?rest_route=\/wp\/v2\/types\/page"}],"author":[{"embeddable":true,"href":"https:\/\/gf-sle.de\/index.php?rest_route=\/wp\/v2\/users\/1"}],"replies":[{"embeddable":true,"href":"https:\/\/gf-sle.de\/index.php?rest_route=%2Fwp%2Fv2%2Fcomments&post=36"}],"version-history":[{"count":30,"href":"https:\/\/gf-sle.de\/index.php?rest_route=\/wp\/v2\/pages\/36\/revisions"}],"predecessor-version":[{"id":6787,"href":"https:\/\/gf-sle.de\/index.php?rest_route=\/wp\/v2\/pages\/36\/revisions\/6787"}],"wp:attachment":[{"href":"https:\/\/gf-sle.de\/index.php?rest_route=%2Fwp%2Fv2%2Fmedia&parent=36"}],"curies":[{"name":"wp","href":"https:\/\/api.w.org\/{rel}","templated":true}]}}