{"id":3760,"date":"2018-02-08T07:17:05","date_gmt":"2018-02-08T07:17:05","guid":{"rendered":"http:\/\/gf-sle.de\/?page_id=3760"},"modified":"2023-04-17T09:43:21","modified_gmt":"2023-04-17T09:43:21","slug":"datenschutz-und-cookies","status":"publish","type":"page","link":"https:\/\/gf-sle.de\/?page_id=3760","title":{"rendered":"Datenschutz und Cookies"},"content":{"rendered":"<p>Der Schutz Ihrer pers\u00f6nlichen Daten ist uns sehr wichtig. Sie k\u00f6nnen unsere Seiten bis auf wenige Ausnahmen ohne Eingabe von pers\u00f6nlichen Daten nutzen. Was, wann und wie, z.B. bei der Nutzung von Formularen, gespeichert wird sowie Ihre Auskunfts- und L\u00f6schungsrechte haben wir nachfolgend f\u00fcr Sie zusammengefasst. Nutzen Sie bei Fragen unser <a href=\"https:\/\/gf-sle.de\/?page_id=2271\">Kontaktformular<\/a>. Wir sind gerne f\u00fcr Sie da.<\/p>\n<h2><strong><a name=\"anfang\"><\/a>Hier alle wichtigen Informationen im \u00dcberblick:<\/strong><\/h2>\n<h4 style=\"padding-left: 120px;\"><a href=\"#Datenschutzerkl\u00e4rung\"><strong>A. Datenschutzerkl\u00e4rung<\/strong><\/a><br \/>\n&#8211; <a href=\"#Informationen\">I Allgemeine Informationen<\/a><br \/>\n&#8211; <a href=\"#Auskunftsrechte\">II Auskunfts-,Widerrufs- und L\u00f6schungsrechte<\/a><br \/>\n&#8211; <a href=\"#Verarbeitung\">III Informationen zur Verarbeitung<\/a><br \/>\n<a href=\"#Rechtliche Hinweise\"><strong>B. Rechtliche Hinweise<\/strong><\/a><br \/>\n&#8211; <a href=\"#Hinweise\">Hinweise zu Inhalten<\/a><br \/>\n&#8211; <a href=\"#Urheberrechte\">Urheberrechte<\/a><br \/>\n&#8211; <a href=\"#ExterneLinks\">Externe Links<\/a><br \/>\n&#8211; <a href=\"#Besondere Nutzungsbedingungen\">Besondere Nutzungsbedingungen<\/a><\/h4>\n<h2>A. <a name=\"Datenschutzerkl\u00e4rung\"><\/a>Datenschutzerkl\u00e4rung<a href=\"#Fussnote\">*)<\/a><\/h2>\n<h2><a name=\"Informationen\"><\/a>I Allgemeine Informationen<\/h2>\n<h5 style=\"text-align: justify;\">Die Nutzung unserer Seite ist ohne eine Angabe von personenbezogenen Daten m\u00f6glich. F\u00fcr die Nutzung einzelner Services unserer Seite k\u00f6nnen sich hierf\u00fcr abweichende Regelungen ergeben, die in diesem Falle nachstehend gesondert erl\u00e4utert werden. Personenbezogene Daten (nachfolgend zumeist nur \u201eDaten\u201c genannt) werden von uns nur im Rahmen der Erforderlichkeit sowie zum Zwecke der Bereitstellung eines funktionsf\u00e4higen und nutzerfreundlichen Internetauftritts, inklusive seiner Inhalte und der dort angebotenen Leistungen, verarbeitet.<\/h5>\n<h5 style=\"text-align: justify;\">Gem\u00e4\u00df Art. 4 Ziffer 1. der Verordnung (EU) 2016\/679, also der Datenschutz-Grundverordnung (nachfolgend nur \u201eDSGVO\u201c genannt), gilt als \u201eVerarbeitung\u201c jeder mit oder ohne Hilfe automatisierter Verfahren ausgef\u00fchrter Vorgang oder jede solche Vorgangsreihe im Zusammenhang mit personenbezogenen Daten, wie das Erheben, das Erfassen, die Organisation, das Ordnen, die Speicherung, die Anpassung oder Ver\u00e4nderung, das Auslesen, das Abfragen, die Verwendung, die Offenlegung durch \u00dcbermittlung, Verbreitung oder eine andere Form der Bereitstellung, den Abgleich oder die Verkn\u00fcpfung, die Einschr\u00e4nkung, das L\u00f6schen oder die Vernichtung.<\/h5>\n<h5 style=\"text-align: justify;\">Mit der nachfolgenden Datenschutzerkl\u00e4rung informieren wir Sie insbesondere \u00fcber Art, Umfang, Zweck, Dauer und Rechtsgrundlage der Verarbeitung personenbezogener Daten, soweit wir entweder allein oder gemeinsam mit anderen \u00fcber die Zwecke und Mittel der Verarbeitung entscheiden. Zudem informieren wir Sie nachfolgend \u00fcber die von uns zu Optimierungszwecken sowie zur Steigerung der Nutzungsqualit\u00e4t eingesetzten Fremdkomponenten, soweit hierdurch Dritte Daten in wiederum eigener Verantwortung verarbeiten.<\/h5>\n<h5 style=\"padding-left: 60px;\">Geschichtsforum Scheiden\/Eifel e.V., B\u00fcchel 23, 53937 Schleiden<br \/>\nTel.: +49 2445911187, eMail: vorstand@geschichtsforumschleiden.de<br \/>\nInternet: www.geschichtsforumschleiden.de<br \/>\nVertretungsberechtigter Vorstand:<br \/>\nFrank G\u00fcth, 1. Vorsitzender, Dr. Norbert Toporowsky, Stellv. Vorsitzender, Siegfried Scholzen, Kassen- und Gesch\u00e4ftsf\u00fchrung<br \/>\nRegistergericht: Amtsgericht D\u00fcren, Registernummer: VR 2413<br \/>\nVerantwortlicher Anbieter dieses Internetauftritts im datenschutzrechtlichen Sinne ist:<br \/>\nSiegfried Scholzen, Kirschdell 2<br \/>\n53937 Schleiden<br \/>\nTel.: 02445\/1884, E-Mail: s.scholzen@geschichtsforumschleiden.de<\/h5>\n<h5 style=\"text-align: justify;\">Wir weisen darauf hin, dass die internetbasierte Daten\u00fcbertragung Sicherheitsl\u00fccken aufweist, ein l\u00fcckenloser Schutz vor Zugriffen durch Dritte somit unm\u00f6glich ist.<\/h5>\n<h6 style=\"text-align: right;\"><a href=\"#anfang\">Zur \u00dcbersicht am Seitenanfang<\/a><\/h6>\n<h2><a name=\"Auskunftsrechte\"><\/a>II Auskunfts-,Widerrufs- und L\u00f6schungsrechte<\/h2>\n<h5>Mit Blick auf die nachfolgend noch n\u00e4her beschriebene Datenverarbeitung haben die Nutzer und Betroffenen das Recht<\/h5>\n<ul>\n<li>\n<h6>auf Best\u00e4tigung, ob sie betreffende Daten verarbeitet werden, auf Auskunft \u00fcber die verarbeiteten Daten, auf weitere Informationen \u00fcber die Datenverarbeitung sowie auf Kopien der Daten (vgl. auch Art. 15 DSGVO);<\/h6>\n<\/li>\n<li>\n<h6>auf Berichtigung oder Vervollst\u00e4ndigung unrichtiger bzw. unvollst\u00e4ndiger Daten (vgl. auch Art. 16 DSGVO);<\/h6>\n<\/li>\n<li>\n<h6>auf unverz\u00fcgliche L\u00f6schung der sie betreffenden Daten (vgl. auch Art. 17 DSGVO), oder, alternativ, soweit eine weitere Verarbeitung gem\u00e4\u00df Art. 17 Abs. 3 DSGVO erforderlich ist, auf Einschr\u00e4nkung der Verarbeitung nach Ma\u00dfgabe von Art. 18 DSGVO;<\/h6>\n<\/li>\n<li>\n<h6>auf Erhalt der sie betreffenden und von ihnen bereitgestellten Daten und auf \u00dcbermittlung dieser Daten an andere Anbieter\/Verantwortliche (vgl. auch Art. 20 DSGVO);<\/h6>\n<\/li>\n<li>\n<h6>auf Beschwerde gegen\u00fcber der Aufsichtsbeh\u00f6rde, sofern sie der Ansicht sind, dass die sie betreffenden Daten durch den Anbieter unter Versto\u00df gegen datenschutzrechtliche Bestimmungen verarbeitet werden (vgl. auch Art. 77 DSGVO).<\/h6>\n<\/li>\n<\/ul>\n<h5 style=\"text-align: justify;\">Dar\u00fcber hinaus ist der Anbieter dazu verpflichtet, alle Empf\u00e4nger, denen gegen\u00fcber Daten durch den Anbieter offengelegt worden sind, \u00fcber jedwede Berichtigung oder L\u00f6schung von Daten oder die Einschr\u00e4nkung der Verarbeitung, die aufgrund der Artikel 16, 17 Abs. 1, 18 DSGVO erfolgt, zu unterrichten. Diese Verpflichtung besteht jedoch nicht, soweit diese Mitteilung unm\u00f6glich oder mit einem unverh\u00e4ltnism\u00e4\u00dfigen Aufwand verbunden ist. Unbeschadet dessen hat der Nutzer ein Recht auf Auskunft \u00fcber diese Empf\u00e4nger.<\/h5>\n<h5 style=\"text-align: justify;\">Ebenfalls haben die Nutzer und Betroffenen nach Art. 21 DSGVO das Recht auf Widerspruch gegen die k\u00fcnftige Verarbeitung der sie betreffenden Daten, sofern die Daten durch den Anbieter nach Ma\u00dfgabe von Art. 6 Abs. 1 lit. f) DSGVO verarbeitet werden. Insbesondere ist ein Widerspruch gegen die Datenverarbeitung zum Zwecke der Direktwerbung statthaft.<\/h5>\n<h5 style=\"text-align: justify;\">Sie k\u00f6nnen sich bei Fragen zur Erhebung, Verarbeitung oder Nutzung Ihrer personenbezogenen Daten und deren Berichtigung, Sperrung, L\u00f6schung oder einem Widerruf einer erteilten Einwilligung unentgeltlich an uns wenden.<\/h5>\n<h6 style=\"text-align: right;\"><a href=\"#anfang\">Zur \u00dcbersicht am Seitenanfang<\/a><\/h6>\n<h2><a name=\"Verarbeitung\"><\/a>III Informationen zur Verarbeitung<\/h2>\n<div class=\"value allgemeines\">\n<h5 style=\"text-align: justify;\">Ihre bei Nutzung unseres Internetauftritts verarbeiteten Daten werden gel\u00f6scht oder gesperrt, sobald der Zweck der Speicherung entf\u00e4llt, der L\u00f6schung der Daten keine gesetzlichen Aufbewahrungspflichten entgegenstehen und nachfolgend keine anderslautenden Angaben zu einzelnen Verarbeitungsverfahren gemacht werden.<\/h5>\n<\/div>\n<div id=\"mde_serverdaten_html_value\" class=\"value allgemeines\">\n<h3>Serverdaten<\/h3>\n<h5 style=\"text-align: justify;\">Aus technischen Gr\u00fcnden, insbesondere zur Gew\u00e4hrleistung eines sicheren und stabilen Internetauftritts, werden Daten durch Ihren Internet-Browser an uns bzw. an unseren Webspace-Provider \u00fcbermittelt. Mit diesen sog. Server-Logfiles werden u.a. Typ und Version Ihres Internetbrowsers, das Betriebssystem, die Website, von der aus Sie auf unseren Internetauftritt gewechselt haben (Referrer URL), die Website(s) unseres Internetauftritts, die Sie besuchen, Datum und Uhrzeit des jeweiligen Zugriffs sowie die IP-Adresse des Internetanschlusses, von dem aus die Nutzung unseres Internetauftritts erfolgt, erhoben.<\/h5>\n<h5 style=\"text-align: justify;\">Diese so erhobenen Daten werden vorr\u00fcbergehend gespeichert, dies jedoch nicht gemeinsam mit anderen Daten von Ihnen.<\/h5>\n<h5 style=\"text-align: justify;\">Diese Speicherung erfolgt auf der Rechtsgrundlage von Art. 6 Abs. 1 lit. f) DSGVO. Unser berechtigtes Interesse liegt in der Verbesserung, Stabilit\u00e4t, Funktionalit\u00e4t und Sicherheit unseres Internetauftritts.<\/h5>\n<h5 style=\"text-align: justify;\">Die Daten werden sp\u00e4testens nach sieben Tagen wieder gel\u00f6scht, soweit keine weitere Aufbewahrung zu Beweiszwecken erforderlich ist. Andernfalls sind die Daten bis zur endg\u00fcltigen Kl\u00e4rung eines Vorfalls ganz oder teilweise von der L\u00f6schung ausgenommen.<\/h5>\n<h6 style=\"text-align: right;\"><a href=\"#anfang\">Zur \u00dcbersicht am Seitenanfang<\/a><\/h6>\n<\/div>\n<div id=\"mde_einsatz_von_cookies_html_value\" class=\"value allgemeines\">\n<h3>Cookies<\/h3>\n<h4>a) Sitzungs-Cookies\/Session-Cookies<\/h4>\n<h5 style=\"text-align: justify;\">Wir verwenden mit unserem Internetauftritt sog. Cookies. Cookies sind kleine Textdateien oder andere Speichertechnologien, die durch den von Ihnen eingesetzten Internet-Browser auf Ihrem Endger\u00e4t ablegt und gespeichert werden. Durch diese Cookies werden im individuellen Umfang bestimmte Informationen von Ihnen, wie beispielsweise Ihre Browser- oder Standortdaten oder Ihre IP-Adresse, verarbeitet. &nbsp;<\/h5>\n<h5 style=\"text-align: justify;\">Durch diese Verarbeitung wird unser Internetauftritt benutzerfreundlicher, effektiver und sicherer, da die Verarbeitung bspw. die Wiedergabe unseres Internetauftritts in unterschiedlichen Sprachen oder das Angebot einer Warenkorbfunktion erm\u00f6glicht.<\/h5>\n<h5 style=\"text-align: justify;\">Rechtsgrundlage dieser Verarbeitung ist Art. 6 Abs. 1 lit b.) DSGVO, sofern diese Cookies Daten zur Vertragsanbahnung oder Vertragsabwicklung verarbeitet werden.<\/h5>\n<h5 style=\"text-align: justify;\">Falls die Verarbeitung nicht der Vertragsanbahnung oder Vertragsabwicklung dient, liegt unser berechtigtes Interesse in der Verbesserung der Funktionalit\u00e4t unseres Internetauftritts. Rechtsgrundlage ist in dann Art. 6 Abs. 1 lit. f) DSGVO.<\/h5>\n<h5>Mit Schlie\u00dfen Ihres Internet-Browsers werden diese Session-Cookies gel\u00f6scht.<\/h5>\n<h4>b) Drittanbieter-Cookies<\/h4>\n<h5 style=\"text-align: justify;\">Gegebenenfalls werden mit unserem Internetauftritt auch Cookies von Partnerunternehmen, mit denen wir zum Zwecke der Werbung, der Analyse oder der Funktionalit\u00e4ten unseres Internetauftritts zusammenarbeiten, verwendet.<\/h5>\n<h5 style=\"text-align: justify;\">Die Einzelheiten hierzu, insbesondere zu den Zwecken und den Rechtsgrundlagen der Verarbeitung solcher Drittanbieter-Cookies, entnehmen Sie bitte den nachfolgenden Informationen.<\/h5>\n<h4>c) Beseitigungsm\u00f6glichkeit<\/h4>\n<h5 style=\"text-align: justify;\">Sie k\u00f6nnen die Installation der Cookies durch eine Einstellung Ihres Internet-Browsers verhindern oder einschr\u00e4nken. Ebenfalls k\u00f6nnen Sie bereits gespeicherte Cookies jederzeit l\u00f6schen. Die hierf\u00fcr erforderlichen Schritte und Ma\u00dfnahmen h\u00e4ngen jedoch von Ihrem konkret genutzten Internet-Browser ab. Bei Fragen benutzen Sie daher bitte die Hilfefunktion oder Dokumentation Ihres Internet-Browsers oder wenden sich an dessen Hersteller bzw. Support. Bei sog. Flash-Cookies kann die Verarbeitung allerdings nicht \u00fcber die Einstellungen des Browsers unterbunden werden. Stattdessen m\u00fcssen Sie insoweit die Einstellung Ihres Flash-Players \u00e4ndern. Auch die hierf\u00fcr erforderlichen Schritte und Ma\u00dfnahmen h\u00e4ngen von Ihrem konkret genutzten Flash-Player ab. Bei Fragen benutzen Sie daher bitte ebenso die Hilfefunktion oder Dokumentation Ihres Flash-Players oder wenden sich an den Hersteller bzw. Benutzer-Support.<\/h5>\n<h5 style=\"text-align: justify;\">Sollten Sie die Installation der Cookies verhindern oder einschr\u00e4nken, kann dies allerdings dazu f\u00fchren, dass nicht s\u00e4mtliche Funktionen unseres Internetauftritts vollumf\u00e4nglich nutzbar sind.<\/h5>\n<h6 style=\"text-align: right;\"><a href=\"#anfang\">Zur \u00dcbersicht am Seitenanfang<\/a><\/h6>\n<\/div>\n<div id=\"mde_vertragsabwicklung_html_value\" class=\"value allgemeines\">\n<h3>Vertragsabwicklung<\/h3>\n<h5 style=\"text-align: justify;\">Die von Ihnen zur Inanspruchnahme unseres Waren- und\/oder Dienstleistungsangebots \u00fcbermittelten Daten werden von uns zum Zwecke der Vertragsabwicklung verarbeitet und sind insoweit erforderlich. Vertragsschluss und Vertragsabwicklung sind ohne Bereitstellung Ihrer Daten nicht m\u00f6glich.<\/h5>\n<h5>Rechtsgrundlage f\u00fcr die Verarbeitung ist Art. 6 Abs. 1 lit. b) DSGVO.<\/h5>\n<h5 style=\"text-align: justify;\">Wir l\u00f6schen die Daten mit vollst\u00e4ndiger Vertragsabwicklung, m\u00fcssen dabei aber die steuer- und handelsrechtlichen Aufbewahrungsfristen beachten.<\/h5>\n<h5 style=\"text-align: justify;\">Im Rahmen der Vertragsabwicklung geben wir Ihre Daten an das mit der Warenlieferung beauftragte Transportunternehmen oder an den Finanzdienstleister weiter, soweit die Weitergabe zur Warenauslieferung oder zu Bezahlzwecken erforderlich ist.<\/h5>\n<h5>Rechtsgrundlage f\u00fcr die Weitergabe der Daten ist dann Art. 6 Abs. 1 lit. b) DSGVO.<\/h5>\n<h6 style=\"text-align: right;\"><a href=\"#anfang\">Zur \u00dcbersicht am Seitenanfang<\/a><\/h6>\n<\/div>\n<div id=\"mde_kontaktmoeglichkeit_html_value\" class=\"value allgemeines\">\n<h3>Kontaktanfragen \/ Kontaktm\u00f6glichkeit<\/h3>\n<h5 style=\"text-align: justify;\">Sofern Sie per Kontaktformular oder E-Mail mit uns in Kontakt treten, werden die dabei von Ihnen angegebenen Daten zur Bearbeitung Ihrer Anfrage genutzt. Die Angabe der Daten ist zur Bearbeitung und Beantwortung Ihre Anfrage erforderlich &#8211; ohne deren Bereitstellung k\u00f6nnen wir Ihre Anfrage nicht oder allenfalls eingeschr\u00e4nkt beantworten.<\/h5>\n<h5>Rechtsgrundlage f\u00fcr diese Verarbeitung ist Art. 6 Abs. 1 lit. b) DSGVO.<\/h5>\n<h5 style=\"text-align: justify;\">Ihre Daten werden gel\u00f6scht, sofern Ihre Anfrage abschlie\u00dfend beantwortet worden ist und der L\u00f6schung keine gesetzlichen Aufbewahrungspflichten entgegenstehen, wie bspw. bei einer sich etwaig anschlie\u00dfenden Vertragsabwicklung.<\/h5>\n<\/div>\n<h3 class=\"value fremdanbieter\">Einbindung von Fremdanbietern (Google, Facebook, Twitter u.a.)<\/h3>\n<div id=\"mde_google_analytics_html_value\" class=\"value fremdanbieter\">\n<h5 style=\"text-align: justify;\">In unserem Internetauftritt verlinken wir auf Seiten externer Anbieter, es sind jedoch keine jedoch keine Fremdanbieter in unsere Seiten eingebunden. Informationen zu den verlinkten Seiten finden Sie unter <a href=\"#ExterneLinks\">Externe Links<\/a><\/h5>\n<\/div>\n<h6 style=\"text-align: right;\"><a name=\"Fussnote\"><\/a>*) Als Vorlage diente die Muster-Datenschutzerkl\u00e4rung der Anwaltskanzlei Wei\u00df &amp; Partner<br \/>\n<a href=\"#anfang\">Zur \u00dcbersicht am Seitenanfang<\/a><\/h6>\n<h2>B. <a name=\"Rechtliche Hinweise\"><\/a>Rechtliche Hinweise<\/h2>\n<h3><a name=\"Hinweise\"><\/a>Hinweise zu Inhalten<\/h3>\n<h5 style=\"text-align: justify;\">Die kostenlosen und frei zug\u00e4nglichen Inhalte dieser Webseite wurden mit gr\u00f6\u00dftm\u00f6glicher Sorgfalt erstellt. Der Anbieter dieser Webseite \u00fcbernimmt jedoch keine Gew\u00e4hr f\u00fcr die Richtigkeit und Aktualit\u00e4t der bereitgestellten kostenlosen und frei zug\u00e4nglichen Informationen. Namentlich gekennzeichnete Beitr\u00e4ge geben die Meinung des jeweiligen Autors und nicht immer die Meinung des Anbieters wieder. Allein durch den Aufruf der kostenlosen und frei zug\u00e4nglichen Inhalte kommt keinerlei Vertragsverh\u00e4ltnis zwischen dem Nutzer und dem Anbieter zustande, insoweit fehlt es am Rechtsbindungswillen des Anbieters.<\/h5>\n<h3><a name=\"Urheberrechte\"><\/a>Urheber- und Leistungsschutzrechte \u00a9<\/h3>\n<h5 style=\"text-align: justify;\">Die auf dieser Website ver\u00f6ffentlichten Inhalte unterliegen dem deutschen Urheber- und Leistungsschutzrecht. Jede vom deutschen Urheber- und Leistungsschutzrecht nicht zugelassene Verwertung bedarf der vorherigen schriftlichen Zustimmung des Anbieters oder jeweiligen Rechteinhabers. Dies gilt insbesondere f\u00fcr Vervielf\u00e4ltigung, Bearbeitung, \u00dcbersetzung, Einspeicherung, Verarbeitung bzw. Wiedergabe von Inhalten in Datenbanken oder anderen elektronischen Medien und Systemen. Inhalte und Rechte Dritter sind dabei als solche gekennzeichnet. Die unerlaubte Vervielf\u00e4ltigung oder Weitergabe einzelner Inhalte oder kompletter Seiten ist nicht gestattet und strafbar. Lediglich die Herstellung von Kopien und Downloads f\u00fcr den pers\u00f6nlichen, privaten und nicht kommerziellen Gebrauch ist erlaubt. Die Darstellung dieser Website in fremden Frames ist nur mit schriftlicher Erlaubnis zul\u00e4ssig.<\/h5>\n<h5 style=\"text-align: justify;\">Bitte kontaktieren Sie uns,&nbsp; wenn Sie mit Inhalten nicht einverstanden sind oder Inhalte dieses Internetangebotes verwenden m\u00f6chten: <a href=\"https:\/\/gf-sle.de\/?page_id=2271\">Kontaktformular Geschichtsforum<\/a>.<\/h5>\n<h6 style=\"text-align: right;\"><a href=\"#anfang\">Zur \u00dcbersicht am Seitenanfang<\/a><\/h6>\n<h3><a name=\"ExterneLinks\"><\/a>Externe Links<\/h3>\n<h5 style=\"text-align: justify;\">Diese Website enth\u00e4lt Verkn\u00fcpfungen zu Websites Dritter (&#8222;externe Links&#8220;). Diese Websites unterliegen der Haftung der jeweiligen Betreiber. Der Anbieter hat bei der erstmaligen Verkn\u00fcpfung der externen Links die fremden Inhalte daraufhin \u00fcberpr\u00fcft, ob etwaige Rechtsverst\u00f6\u00dfe bestehen. Zu dem Zeitpunkt waren keine Rechtsverst\u00f6\u00dfe ersichtlich. Der Anbieter hat keinerlei Einfluss auf die aktuelle und zuk\u00fcnftige Gestaltung und auf die Inhalte der verkn\u00fcpften Seiten. Das Setzen von externen Links bedeutet nicht, dass sich der Anbieter die hinter dem Verweis oder Link liegenden Inhalte zu Eigen macht. Eine st\u00e4ndige Kontrolle der externen Links ist f\u00fcr den Anbieter ohne konkrete Hinweise auf Rechtsverst\u00f6\u00dfe nicht zumutbar. Bei Kenntnis von Rechtsverst\u00f6\u00dfen werden jedoch derartige externe Links unverz\u00fcglich gel\u00f6scht. <strong>Bitte beachten:<\/strong>&nbsp; F\u00fcr den Inhalt und den <b>Datenschutz<\/b> der verlinkten Seiten sind ausschlie\u00dflich deren Betreiber verantwortlich.<\/h5>\n<h3><a name=\"Besondere Nutzungsbedingungen\"><\/a>Besondere Nutzungsbedingungen<\/h3>\n<h5 style=\"text-align: justify;\">Soweit besondere Bedingungen f\u00fcr einzelne Nutzungen dieser Website von den vorgenannten Nummern 1. bis 3. abweichen, wird an entsprechender Stelle ausdr\u00fccklich darauf hingewiesen. In diesem Falle gelten im jeweiligen Einzelfall die besonderen Nutzungsbedingungen.<\/h5>\n<h6 style=\"text-align: right;\">Vorlage: <a href=\"https:\/\/www.juraforum.de\/disclaimer_muster\/\">Disclaimer Muster von JuraForum.de<\/a>.<br \/>\n<a href=\"#anfang\">Zur \u00dcbersicht am Seitenanfang<\/a><\/h6>\n","protected":false},"excerpt":{"rendered":"<p>Der Schutz Ihrer pers\u00f6nlichen Daten ist uns sehr wichtig. Sie k\u00f6nnen unsere Seiten bis auf wenige Ausnahmen ohne Eingabe von pers\u00f6nlichen Daten nutzen. Was, wann und wie, z.B. bei der Nutzung von Formularen, gespeichert wird sowie Ihre Auskunfts- und L\u00f6schungsrechte &hellip; <a href=\"https:\/\/gf-sle.de\/?page_id=3760\">Weiterlesen <span class=\"meta-nav\">&rarr;<\/span><\/a><\/p>\n","protected":false},"author":1,"featured_media":0,"parent":0,"menu_order":99,"comment_status":"closed","ping_status":"closed","template":"","meta":{"ngg_post_thumbnail":0,"footnotes":""},"class_list":["post-3760","page","type-page","status-publish","hentry"],"_links":{"self":[{"href":"https:\/\/gf-sle.de\/index.php?rest_route=\/wp\/v2\/pages\/3760","targetHints":{"allow":["GET"]}}],"collection":[{"href":"https:\/\/gf-sle.de\/index.php?rest_route=\/wp\/v2\/pages"}],"about":[{"href":"https:\/\/gf-sle.de\/index.php?rest_route=\/wp\/v2\/types\/page"}],"author":[{"embeddable":true,"href":"https:\/\/gf-sle.de\/index.php?rest_route=\/wp\/v2\/users\/1"}],"replies":[{"embeddable":true,"href":"https:\/\/gf-sle.de\/index.php?rest_route=%2Fwp%2Fv2%2Fcomments&post=3760"}],"version-history":[{"count":21,"href":"https:\/\/gf-sle.de\/index.php?rest_route=\/wp\/v2\/pages\/3760\/revisions"}],"predecessor-version":[{"id":7975,"href":"https:\/\/gf-sle.de\/index.php?rest_route=\/wp\/v2\/pages\/3760\/revisions\/7975"}],"wp:attachment":[{"href":"https:\/\/gf-sle.de\/index.php?rest_route=%2Fwp%2Fv2%2Fmedia&parent=3760"}],"curies":[{"name":"wp","href":"https:\/\/api.w.org\/{rel}","templated":true}]}}