{"id":397,"date":"2013-04-07T09:07:08","date_gmt":"2013-04-07T08:07:08","guid":{"rendered":"http:\/\/wp.123siggis.de\/?page_id=397"},"modified":"2022-07-06T15:09:53","modified_gmt":"2022-07-06T15:09:53","slug":"willkommen-beim-geschichtsforum-schleiden","status":"publish","type":"page","link":"https:\/\/gf-sle.de\/?page_id=397","title":{"rendered":"Hinweise"},"content":{"rendered":"<p style=\"text-align: justify;\">Sch\u00f6n, dass Sie unsere Seite besuchen. Damit Sie sich schnell zurechtfinden einige Informationen zum Aufbau unserer Seiten:<\/p>\n<ul>\n<li>Wer sind wir und was machen wir? -&gt; <a href=\"https:\/\/gf-sle.de\/?page_id=767\">\u00dcber uns<\/a><\/li>\n<li>Wann und wo treffen wir uns, wo gibt es interessante Veranstaltungen? -&gt; <a href=\"https:\/\/gf-sle.de\/?page_id=1880\">Termine<\/a><\/li>\n<li>Welche Beitr\u00e4ge sind neu bzw. k\u00fcrzlich eingestellt worden? Die zuletzt eingestellten Beitr\u00e4ge finden Sie auf unserer Startseite: -&gt; <a href=\"https:\/\/gf-sle.de\/\">Neueste Beitr\u00e4ge<\/a><\/li>\n<li>Welche Projekte sind gerade aktuell und werden schwerpunktm\u00e4\u00dfig<br \/>\nbearbeitet? -&gt; <a href=\"https:\/\/gf-sle.de\/?page_id=103\">Projekte<\/a><\/li>\n<li>Was sind die Ergebnisse unserer Arbeit und Recherchen?<br \/>\nUnter den rechts aufgelisteten Kategorien finden Sie alle von uns eingestellten Beitr\u00e4ge.<\/li>\n<li>Unsere Ver\u00f6ffentlichungen inklusive Bestellm\u00f6glichkeiten gibt es unter: <a href=\"https:\/\/gf-sle.de\/?page_id=3996\">Publikationen<\/a>, oder direkt zum <a href=\"https:\/\/gf-sle.de\/?page_id=6988\">Bestellschein<\/a><\/li>\n<li>Sie suchen etwas auf unseren Seiten? Da war doch was? Wo habe ich das schon gesehen? \u00dcber &#8222;Suche mit Stichwort&#8220; in der rechten Men\u00fcleiste k\u00f6nnen Sie ganz einfach an Hand von Stichworten unsere Seiten durchsuchen!<\/li>\n<li>&nbsp;Alle in unseren Jahresheften erschienen Beitr\u00e4ge finden Sie im <a href=\"https:\/\/gf-sle.de\/?page_id=5041\">Index Jahreshefte<\/a><\/li>\n<li>Sie wollen Vereinsmitglied werden? Hier gibts&nbsp; <a href=\"https:\/\/gf-sle.de\/?page_id=5394\">alle Informationen und den Aufnahmeantrag zum online ausf\u00fcllen und ausdrucken<\/a><\/li>\n<li>Offizielle Kontaktdaten, Informationen \u00fcber unseren Verein sowie Haftungshinweise und die Datenschutzerkl\u00e4rung finden Sie in unserem: <a href=\"https:\/\/gf-sle.de\/?page_id=36\">Impressum<\/a><\/li>\n<li>Vereinsinternes (gesch\u00fctzter Bereich, nur f\u00fcr Vereinsmitglieder) -&gt; <a href=\"https:\/\/gf-sle.de\/?page_id=1729\">GFS-INTERN<\/a><\/li>\n<\/ul>\n<p style=\"text-align: left;\">Gef\u00e4llt ihnen unser Verein? M\u00f6chten sie uns finanziell unterst\u00fctzen? Wir freuen uns \u00fcber jede Zuwendung und stellen gerne eine Spendenbescheinigung aus. Unsere Kontoverbindung: Geschichtsforum Schleiden e.V., IBAN: DE75 3706 9720 5009 2240 19<\/p>\n<p style=\"text-align: justify;\">Gerne nehmen wir Anregungen und Kritik entgegen oder beantworten Ihre Fragen. Auch k\u00f6nnen Sie einen Termin mit uns vereinbaren oder an einem unserer Foren als Gast teilnehmen. Kontaktieren Sie uns \u00fcber das u.a. <a href=\"https:\/\/gf-sle.de\/?page_id=2271\">Kontaktformular<\/a>! Wir melden uns!<br \/>\nDie Termine der regelm\u00e4\u00dfig stattfindenden Geschichtsforen finden Sie unter &#8222;<a href=\"https:\/\/gf-sle.de\/?page_id=1880\">Termine<\/a>&#8222;.<\/p>\n<p>&nbsp;<\/p>\n<h6><span style=\"text-decoration: underline;\">Bitte beachten:<\/span><span style=\"font-size: x-small;\"> Alle Inhalte unseres Internetangebots sind urheberrechtlich gesch\u00fctzt \u00a9. Das Urheberrecht liegt, soweit nicht anders gekennzeichnet, beim Geschichtsforum oder den genannten Autoren\/Verfassern. Bitte kontaktieren Sie uns, wenn Sie mit Inhalten nicht einverstanden sind oder Inhalte dieses Internetangebotes verwenden m\u00f6chten senden sie eine eMail an <a href=\"https:\/\/gf-sle.de\/wp-content\/uploads\/2013\/04\/GFS.jpg\"><img loading=\"lazy\" decoding=\"async\" class=\"alignnone wp-image-2449\" src=\"https:\/\/gf-sle.de\/wp-content\/uploads\/2013\/04\/GFS.jpg\" alt=\"GFS\" width=\"135\" height=\"10\"><\/a><br \/>\noder nutzen Sie unser <a href=\"https:\/\/gf-sle.de\/?page_id=2271\">Kontaktformular<\/a>.<br \/>\nWer unerlaubt Inhalte kopiert oder ver\u00e4ndert, macht sich gem\u00e4\u00df <a href=\"http:\/\/dejure.org\/gesetze\/UrhG\/106.html\" target=\"_blank\" rel=\"noopener noreferrer\">\u00a7106 ff. UrhG<\/a> strafbar und muss mit Schadensersatzanspr\u00fcchen rechnen. Das Genannte gilt auch f\u00fcr verlinkte Seiten. <a href=\"https:\/\/gf-sle.de\/wp-content\/uploads\/2014\/09\/Disclaimer.pdf\" target=\"_blank\" rel=\"noopener noreferrer\">&#8230; weitere Informationen zu Urheberrecht, Haftung und Datenschutz!<\/a><\/span><\/h6>\n","protected":false},"excerpt":{"rendered":"<p>Sch\u00f6n, dass Sie unsere Seite besuchen. Damit Sie sich schnell zurechtfinden einige Informationen zum Aufbau unserer Seiten: Wer sind wir und was machen wir? -&gt; \u00dcber uns Wann und wo treffen wir uns, wo gibt es interessante Veranstaltungen? -&gt; Termine &hellip; <a href=\"https:\/\/gf-sle.de\/?page_id=397\">Weiterlesen <span class=\"meta-nav\">&rarr;<\/span><\/a><\/p>\n","protected":false},"author":1,"featured_media":0,"parent":0,"menu_order":0,"comment_status":"closed","ping_status":"open","template":"","meta":{"ngg_post_thumbnail":0,"footnotes":""},"class_list":["post-397","page","type-page","status-publish","hentry"],"_links":{"self":[{"href":"https:\/\/gf-sle.de\/index.php?rest_route=\/wp\/v2\/pages\/397","targetHints":{"allow":["GET"]}}],"collection":[{"href":"https:\/\/gf-sle.de\/index.php?rest_route=\/wp\/v2\/pages"}],"about":[{"href":"https:\/\/gf-sle.de\/index.php?rest_route=\/wp\/v2\/types\/page"}],"author":[{"embeddable":true,"href":"https:\/\/gf-sle.de\/index.php?rest_route=\/wp\/v2\/users\/1"}],"replies":[{"embeddable":true,"href":"https:\/\/gf-sle.de\/index.php?rest_route=%2Fwp%2Fv2%2Fcomments&post=397"}],"version-history":[{"count":27,"href":"https:\/\/gf-sle.de\/index.php?rest_route=\/wp\/v2\/pages\/397\/revisions"}],"predecessor-version":[{"id":7410,"href":"https:\/\/gf-sle.de\/index.php?rest_route=\/wp\/v2\/pages\/397\/revisions\/7410"}],"wp:attachment":[{"href":"https:\/\/gf-sle.de\/index.php?rest_route=%2Fwp%2Fv2%2Fmedia&parent=397"}],"curies":[{"name":"wp","href":"https:\/\/api.w.org\/{rel}","templated":true}]}}