{"id":3996,"date":"2018-03-28T06:14:05","date_gmt":"2018-03-28T06:14:05","guid":{"rendered":"http:\/\/gf-sle.de\/?page_id=3996"},"modified":"2025-11-05T15:17:31","modified_gmt":"2025-11-05T15:17:31","slug":"publikationen","status":"publish","type":"page","link":"https:\/\/gf-sle.de\/?page_id=3996","title":{"rendered":"GFS-Shop"},"content":{"rendered":"<p><strong><span style=\"font-size: 14pt;\">Alle Ver\u00f6ffentlichungen<\/span>:&nbsp; &nbsp; &nbsp; <span style=\"font-size: 10pt;\">[<a href=\"https:\/\/gf-sle.de\/?page_id=6988\">direkt zum Bestellformular<\/a>]<\/span><\/strong><\/p>\n<p><strong><a href=\"https:\/\/gf-sle.de\/?p=2712\"><img loading=\"lazy\" decoding=\"async\" class=\"alignleft wp-image-8150\" title=\"... zum Bestellformular\" src=\"https:\/\/gf-sle.de\/wp-content\/uploads\/2025\/11\/Cover-JH2026.jpg\" alt=\"\" width=\"207\" height=\"294\"><\/a>Jahresheft 2026 <\/strong>(26|2025)<strong>, 6,00 \u20ac.<br \/>\n<\/strong>Themen des 11. Heftes u.a.: Victor Neels als Br\u00fcckenbauer zwischen den Kulturen Europas; die bewegte Geschichte der Leykaul; Schieferabbau im 18. und 19. Jahrhundert in Dedenborn und Dreiborn; Sch\u00fclerbeitr\u00e4ge der 10c der CFS \u00fcber den NS-Terror; das das ehemalige Arenberger Forsthaus Daubenscheid; das Schleidener Lehn zu Mauel oder den Briefwechsel eines Olefer als Kavallerie Soldaten in der Napoleanische Armee 1811\/1812.<br \/>\nDas Heft hat 316 Seiten und zahlreiche Abbildungen. Neugierig? <a href=\"https:\/\/gf-sle.de\/wp-content\/uploads\/2025\/11\/JH2026-Auszug.pdf\">Zum Inhaltsverzeichnis (pdf)<\/a>, <a href=\"https:\/\/gf-sle.de\/?p=9169\">weitere Informationen<\/a> oder direkt zum <a href=\"https:\/\/gf-sle.de\/?p=2712\">Bestellformular<\/a><\/p>\n<p><strong><a href=\"https:\/\/gf-sle.de\/wp-content\/uploads\/2024\/10\/Roidkin-Titelfoto.jpg\"><img loading=\"lazy\" decoding=\"async\" class=\"alignleft wp-image-8150 \" src=\"https:\/\/gf-sle.de\/wp-content\/uploads\/2024\/10\/Roidkin-Titelfoto.jpg\" alt=\"\" width=\"207\" height=\"294\"><\/a>Roidkin Skizzen <\/strong>(25|2024)<strong>, 18,00 \u20ac.<br \/>\n<\/strong>Mitglieder des Geschichtsforums konnten acht Zeichnungen erwerben, die in dieser Dokumentation pr\u00e4sentiert und beschrieben werden. Die wissenschaftliche Begleitung erfolgte durch Experten des LVR-Amts f\u00fcr Denkmalpflege im Rheinland. Diese Werke aus der Zeit um 1725 sind zweifellos etwas Einmaliges. <em>\u201eDass die Geschichte Roidkins und seiner Zeichnungen immer noch f\u00fcr eine \u00dcberraschung gut ist, zeigen die Aktivit\u00e4ten des Geschichtsforums Schleiden, das erneut einen unerwarteten Coup landen konnte.\u201c \u2014 <\/em>Dr. Ulrike Heckner, LVR-Amt f\u00fcr Denkmalpflege im Rheinland<br \/>\nDas Buch hat 100 Seiten und zahlreiche Abbildungen.&nbsp; <a href=\"https:\/\/gf-sle.de\/wp-content\/uploads\/2024\/10\/Roidkin-Auszug.pdf\">Zum Inhaltsverzeichnis (pdf)<\/a>, <a href=\"https:\/\/gf-sle.de\/?p=8614\">weitere Informationen<\/a> oder direkt zum <a href=\"https:\/\/gf-sle.de\/?p=2712\">Bestellformular<\/a><\/p>\n<p><strong><a href=\"https:\/\/gf-sle.de\/?p=2712\"><img loading=\"lazy\" decoding=\"async\" class=\"alignleft wp-image-8150\" title=\"... zum Bestellformular\" src=\"https:\/\/gf-sle.de\/wp-content\/uploads\/2024\/10\/Umschlag-JH2025s.jpg\" alt=\"\" width=\"207\" height=\"294\"><\/a>Jahresheft 2025 <\/strong>(24|2024)<strong>, 6,00 \u20ac.<br \/>\n<\/strong>Themen des 1o. Heftes: Anno 1717: Probleme eines Offiziers rund um Glauben, Liebe und Schwangerschaft; die Manderscheider im 15. und 16. Jahrhundert zwischen Katholizismus und Protestantismus; Gerichtsverfahren und Hinrichtungen im 18. Jahrhundert; kriminelle Machenschaften eines Stuhlfabrikanten in Wiesgen vor 125 Jahren. Au\u00dferdem: die Geschichte der Gem\u00fcnder Villen (siehe Titelbild), des Hotels H\u00f6ddelbusch in Schleiden, des \u201eBitzenk\u00f6nigs\u201c vom Wackerberg und der kuriosen Ausw\u00fcchse des Olefer Brauchtums.<br \/>\nDas Heft hat 172 Seiten und zahlreiche Abbildungen. Neugierig?&nbsp;<a href=\"https:\/\/gf-sle.de\/wp-content\/uploads\/2024\/10\/JH2025-Auszug.pdf\">Zum Inhaltsverzeichnis (pdf)<\/a>, <a href=\"https:\/\/gf-sle.de\/?p=8611\">weitere Informationen<\/a> oder direkt zum <a href=\"https:\/\/gf-sle.de\/?p=2712\">Bestellformular<\/a><\/p>\n<p><strong><a href=\"https:\/\/gf-sle.de\/wp-content\/uploads\/2023\/10\/UmschlagfotoJH2024s.jpg\"><img loading=\"lazy\" decoding=\"async\" class=\"alignleft wp-image-8150 \" src=\"https:\/\/gf-sle.de\/wp-content\/uploads\/2023\/10\/UmschlagfotoJH2024s-211x300.jpg\" alt=\"\" width=\"207\" height=\"294\" srcset=\"https:\/\/gf-sle.de\/wp-content\/uploads\/2023\/10\/UmschlagfotoJH2024s-211x300.jpg 211w, https:\/\/gf-sle.de\/wp-content\/uploads\/2023\/10\/UmschlagfotoJH2024s.jpg 549w\" sizes=\"auto, (max-width: 207px) 100vw, 207px\" \/><\/a>Jahresheft 2024 <\/strong>(22|2023)<strong>, 6,00 \u20ac.<br \/>\n<\/strong>Tauchen Sie ein in die Territorial-, Wirtschafts- und Kirchengeschichte. Erforschen Sie lokale Sch\u00e4tze wie Harperscheid, Mauel und die Heilsteinm\u00fchle. Entdecken Sie Ortsnamen und Lebensgeschichten von Abt Michael Kuell, Forstmeister Kauhlen, Rennfahrer Kurt Louis und Arnold von Schleiden. Erleben Sie das Leben in Harperscheid um 1900 und die Praxis der Hausschlachtung. Erkunden Sie Grenzkonflikte im 18. Jahrhundert, verfolgen Sie vergebliche Eisenbahnpl\u00e4ne und enth\u00fcllen Sie die Geschichte der Burg Mauel durch Zeichnungen von Renier Roidkin aus 1725. Das Heft umfasst 284 Seiten mit vielen Abbildungen.<br \/>\nZum <a href=\"https:\/\/gf-sle.de\/wp-content\/uploads\/2023\/10\/JH2024-InhaltsVz.pdf\">Inhaltsverzeichnis (pdf)<\/a>, <a href=\"https:\/\/gf-sle.de\/?p=8129\">weitere Informationen<\/a> oder direkt zum <a href=\"https:\/\/gf-sle.de\/?p=2712\">Bestellformular<\/a><\/p>\n<p><strong><img loading=\"lazy\" decoding=\"async\" class=\"wp-image-5518 size-medium alignleft\" src=\"https:\/\/gf-sle.de\/wp-content\/uploads\/2022\/11\/Cover-fuer-Internet-m-Rahmen.jpg\" alt=\"\" width=\"212\" height=\"300\">Jahresheft 2023 <\/strong>(20|2022)<strong>, 6,00 \u20ac.<\/strong><br \/>\nWieder spannende Themen. Der K\u00f6lner Althistoriker Professor Thomas G\u00e4rtner geh\u00f6rt neben Norbert Toporowsky, Bernd Kehren und Alfred Wolter zu den Autoren. &nbsp;Zeitzeugen berichten \u00fcber ihre Erlebnisse, Jaques P\u00fctzer schreibt \u00fcber die Tradition des Schmiedehandwerks und auch die Sch\u00fcler-Aufs\u00e4tze zum Thema &#8222;Arbeitsalltag in den 1950\/1960er Jahren in unserer Region&#8220; sind abgedruckt. Das sind nur einige Beispiele.&nbsp; Das Heft umfasst 244 Seiten mit vielen Abbildungen. Zum <a href=\"https:\/\/gf-sle.de\/wp-content\/uploads\/2022\/11\/GFS-Jahresheft-2023-Inhalt.pdf\">Inhaltsverzeichnis<\/a>, <a href=\"https:\/\/gf-sle.de\/?p=7585\">ausf\u00fchrliche Informationen<\/a> oder direkt zum <a href=\"https:\/\/gf-sle.de\/?p=2712\">Bestellformular<\/a><\/p>\n<table>\n<tbody>\n<tr>\n<td><strong><a href=\"https:\/\/gf-sle.de\/wp-content\/uploads\/2022\/03\/SommerKunst-Vorschau.pdf\"><img loading=\"lazy\" decoding=\"async\" class=\"alignleft wp-image-5518 size-medium\" src=\"https:\/\/gf-sle.de\/wp-content\/uploads\/2022\/04\/CoverSommerKunst-1.jpg\" alt=\"\" width=\"212\" height=\"300\"><\/a>Bilder der Eifel, <\/strong>(19|2022)<strong>, 25,00 \u20ac.<\/strong><br \/>\nEinen guten \u00dcberblick \u00fcber die historischen Eifelmaler liefert die &#8222;Sammlung Sommer&#8220;. Im Laufe der Zeit erwarb Alois Sommer zusammen mit Ehefrau Ellen \u00fcber 100 Eifel-Bilder. Hierbei spezialisierte er sich auf Gem\u00e4lde mit Eifellandschaften, die im 19. und 20. Jahrhundert entstanden sind.<br \/>\nDer farbige Bildband &#8222;SommerKunst&#8220; von Bernd Kehren u. Siegfried Scholzen hat 252 Seiten, Format 17&#215;24 cm (<a href=\"https:\/\/gf-sle.de\/wp-content\/uploads\/2022\/03\/SommerKunst-Vorschau.pdf\">hier ein Auszug als PDF<\/a>). Das Buch ist nicht mehr lieferbar.<\/td>\n<\/tr>\n<\/tbody>\n<tbody>\n<tr>\n<td><strong><img loading=\"lazy\" decoding=\"async\" class=\"wp-image-5518 size-medium alignleft\" src=\"https:\/\/gf-sle.de\/wp-content\/uploads\/2021\/12\/Buchcover.jpg\" alt=\"\" width=\"212\" height=\"300\">Jahresheft 2022 <\/strong>(18|2021)<strong>, 6,00 \u20ac.<\/strong><br \/>\nAuch in diesem Band ein vielf\u00e4ltiges Spektrum an Themen. Der K\u00f6lner Althistoriker Professor Thomas G\u00e4rtner geh\u00f6rt zu den Autoren des Heftes wie der Leiter des Finanzamtes Schleiden, Wolfgang R\u00f6hrig, der eine kleine Geschichte \u201eseiner\u201c Beh\u00f6rde beisteuert.<br \/>\nSchon traditionell ein Aufsatz aus unserem Sch\u00fclerwettbewerb und unter anderem Beitr\u00e4ge zur Kirchengeschichte, zur Wirtschafts- und Verkehrsgeschichte. Bemerkenswerte Pers\u00f6nlichkeiten werden vorgestellt, Zeitzeugen berichten \u00fcber ihre Erlebnisse. Zeitlich werden mehrere Jahrhunderte abgedeckt, und r\u00e4umlich reicht die Spanne vom kleinen Wolfgarten \u00fcber das untergegangene Wollseifen bis nach D\u00fcsseldorf; zum Denkmal der Maueler Industriearbeiter. &nbsp;356 Seiten mit \u00fcber 200 Abbildungen (s\/w). <a href=\"https:\/\/gf-sle.de\/?p=6905\">mehr Informationen<\/a> \u2013 <a href=\"https:\/\/gf-sle.de\/?p=2712\">Bestellformular<\/a><\/td>\n<\/tr>\n<\/tbody>\n<tbody>\n<tr>\n<td><strong><img loading=\"lazy\" decoding=\"async\" class=\"wp-image-5518 size-medium alignleft\" src=\"https:\/\/gf-sle.de\/wp-content\/uploads\/2020\/10\/Cover-JH2021-Mini-fuer-Publikationen.jpg\" alt=\"\" width=\"212\" height=\"300\">Jahresheft 2021, <\/strong>(16|2020)<strong>, 6,00 \u20ac.<\/strong><br \/>\nVielf\u00e4ltig, auch unser sechstes Heft. Erinnerungen und Anekdoten stehen wie jedes Jahr neben Beitr\u00e4gen mit wissenschaftlichem Anspruch. Das breitgef\u00e4cherte Spektrum des sechsten Heftes, ein Mosaik heimatgeschichtlicher Betrachtungen des Geschichtsforums Schleiden. 352 Seiten mit \u00fcber 100 Abbildungen (s\/w).<br \/>\n<a href=\"https:\/\/gf-sle.de\/?p=6220\">mehr Informationen<\/a> \u2013 <a href=\"https:\/\/gf-sle.de\/?p=2712\">Bestellformular<\/a><\/td>\n<\/tr>\n<tr>\n<td><strong><img loading=\"lazy\" decoding=\"async\" class=\"wp-image-5518 size-medium alignleft\" src=\"https:\/\/gf-sle.de\/wp-content\/uploads\/2020\/02\/Cover.jpg\" alt=\"\" width=\"212\" height=\"300\">Norbert Toporowsky | Von Pimocken und Rucksackdeutschen, <\/strong>Vertreibung und Flucht aus dem Osten \u2013 Ankunft und Integration in der Nordeifel. (15|2020)<strong>, 10,00 \u20ac.<\/strong><br \/>\n12 bis 14 Millionen Deutsche wurden vertrieben oder fl\u00fcchteten nach dem Zweiten Weltkrieg? Viele kamen in die kriegsgebeutelte Eifel. Wie erging es ihnen? Das Buch bem\u00fcht sich um eine differenzierte Antwort auf diese Fragen. Geschichtsforums Schleiden. 244 Seiten, ca. 100&nbsp;Abbildungen s\/w).<br \/>\n<a href=\"https:\/\/gf-sle.de\/?p=5751\">mehr Informationen<\/a> \u2013 <a href=\"https:\/\/gf-sle.de\/?p=2712\">Bestellformular<\/a><\/td>\n<\/tr>\n<tr>\n<td><strong><img loading=\"lazy\" decoding=\"async\" class=\"wp-image-5518 size-medium alignleft\" src=\"https:\/\/gf-sle.de\/wp-content\/uploads\/2019\/10\/JH2020-Cover-212x300.jpg\" alt=\"\" width=\"212\" height=\"300\" srcset=\"https:\/\/gf-sle.de\/wp-content\/uploads\/2019\/10\/JH2020-Cover-212x300.jpg 212w, https:\/\/gf-sle.de\/wp-content\/uploads\/2019\/10\/JH2020-Cover.jpg 583w\" sizes=\"auto, (max-width: 212px) 100vw, 212px\" \/>Jahresheft 2020, <\/strong>(13|2019)<strong>, 6,00 \u20ac.<\/strong><br \/>\nVariatio delectat \u2013 die Abwechslung erfreut; dieser eigentlich als Ratschlag<br \/>\nf\u00fcr r\u00f6mische Redner gedachten Empfehlung aus dem ersten vorchristlichen<br \/>\nJahrhundert folgt auch der vorliegende, inzwischen bereits<br \/>\nf\u00fcnfte Band der Jahreshefte des Geschichtsforums Schleiden. 300 Seiten mit \u00fcber 120 Abbildungen (s\/w).<br \/>\n<a href=\"https:\/\/gf-sle.de\/?p=5516\">mehr Informationen<\/a> \u2013 <a href=\"https:\/\/gf-sle.de\/?p=2712\">Bestellformular<\/a><\/td>\n<\/tr>\n<tr>\n<td><span style=\"font-size: 12pt;\"><strong><img loading=\"lazy\" decoding=\"async\" class=\"alignleft wp-image-3670 size-medium\" src=\"https:\/\/gf-sle.de\/wp-content\/uploads\/2018\/01\/Abgang-durch-Tod-225x300.jpg\" alt=\"\" width=\"225\" height=\"300\" srcset=\"https:\/\/gf-sle.de\/wp-content\/uploads\/2018\/01\/Abgang-durch-Tod-225x300.jpg 225w, https:\/\/gf-sle.de\/wp-content\/uploads\/2018\/01\/Abgang-durch-Tod.jpg 600w\" sizes=\"auto, (max-width: 225px) 100vw, 225px\" \/> Franz Albert Heinen | Abgang durch Tod,&nbsp;<\/strong><\/span><span style=\"font-size: 10pt;\"><span style=\"font-size: 12pt;\"> Zwangsarbeit im Kreis Schleiden 1939-1945, (09|2017), <strong>14,80 \u20ac, <\/strong>ISBN 978-3-00-059006-1.<\/span> <span style=\"font-size: 12pt;\">Die Zwangsarbeit Tausender Ausl\u00e4nder im ehemaligen Schleidener Kreisgebiet 1939 bis 1945 blieb bis heute ein weitgehend unbeschriebenes Blatt der Regionalgeschichte. In dem Fachbuch hat der Journalist das finstere Kapitel der Regionalgeschichte aufwendig aufgearbeitet. 476 Seiten, DIN-A-5, Hardcover mit vielen z.T. unver\u00f6ffentlichten Abb. (s\/w).<\/span><\/span><br \/>\n<a href=\"https:\/\/gf-sle.de\/?p=3649\">mehr Informationen<\/a> \u2013 <a href=\"https:\/\/gf-sle.de\/?p=2712\">Bestellformular<\/a><\/td>\n<\/tr>\n<tr>\n<td><strong><img loading=\"lazy\" decoding=\"async\" class=\"alignleft wp-image-3676 size-medium\" src=\"https:\/\/gf-sle.de\/wp-content\/uploads\/2018\/01\/Lokale-Schlaglichter-des-Gro\u00dfen-Krieges-225x300.jpg\" alt=\"\" width=\"225\" height=\"300\" srcset=\"https:\/\/gf-sle.de\/wp-content\/uploads\/2018\/01\/Lokale-Schlaglichter-des-Gro\u00dfen-Krieges-225x300.jpg 225w, https:\/\/gf-sle.de\/wp-content\/uploads\/2018\/01\/Lokale-Schlaglichter-des-Gro\u00dfen-Krieges.jpg 600w\" sizes=\"auto, (max-width: 225px) 100vw, 225px\" \/><\/strong><strong>Lokale Schlaglichter des Gro\u00dfen Krieges, <\/strong>(07|2017)<strong>, 10,00 \u20ac.<\/strong><br \/>\nAufs\u00e4tze und Betrachtungen zu den Jahren 1914-1918. Das Geschichtsforum Schleiden lenkt im vorliegenden Band seinen regionalhistorischen Blick auf die Ereignisse des Ersten Weltkriegs.&nbsp; 360 Seiten mit vielen Abbildungen (s\/w).<br \/>\n<a href=\"https:\/\/gf-sle.de\/?p=3422\">mehr Informationen<\/a> \u2013 <a href=\"https:\/\/gf-sle.de\/?p=2712\">Bestellformular<\/a><\/td>\n<\/tr>\n<tr>\n<td><img loading=\"lazy\" decoding=\"async\" class=\"alignleft wp-image-3891\" src=\"https:\/\/gf-sle.de\/wp-content\/uploads\/2018\/02\/Im-Kampf-mit-dem-Roten-Hahn-Oben-257x300.jpg\" alt=\"\" width=\"225\" height=\"263\" srcset=\"https:\/\/gf-sle.de\/wp-content\/uploads\/2018\/02\/Im-Kampf-mit-dem-Roten-Hahn-Oben-257x300.jpg 257w, https:\/\/gf-sle.de\/wp-content\/uploads\/2018\/02\/Im-Kampf-mit-dem-Roten-Hahn-Oben.jpg 600w\" sizes=\"auto, (max-width: 225px) 100vw, 225px\" \/><strong>Im Kampf mit dem \u201aRoten Hahn\u2018, <\/strong>(03|2016)<strong>, 12,80 \u20ac.<\/strong><br \/>\nF.A. Heinen beschreibt spannend die Entwicklung der freiwilligen Feuerwehren im Stadtgebiet Schleiden. 256 Seiten, \u00fcber 200 Bilder (s\/w).<br \/>\n<a href=\"https:\/\/gf-sle.de\/?p=2785\">mehr Informationen<\/a> \u2013 <a href=\"https:\/\/gf-sle.de\/?p=2712\">Bestellformular<\/a><\/td>\n<\/tr>\n<tr>\n<td><strong><a href=\"https:\/\/gf-sle.de\/?p=4447\"><img loading=\"lazy\" decoding=\"async\" class=\"alignleft wp-image-4449 size-medium\" src=\"https:\/\/gf-sle.de\/wp-content\/uploads\/2018\/10\/Cover-JH2019-215x300.jpg\" alt=\"\" width=\"215\" height=\"300\" srcset=\"https:\/\/gf-sle.de\/wp-content\/uploads\/2018\/10\/Cover-JH2019-215x300.jpg 215w, https:\/\/gf-sle.de\/wp-content\/uploads\/2018\/10\/Cover-JH2019.jpg 430w\" sizes=\"auto, (max-width: 215px) 100vw, 215px\" \/><\/a>Jahresheft 2019, <\/strong>(11|2018)<strong>, 4,80 \u20ac.<\/strong><br \/>\nDas vierte Jahresheft mit Geschichten und Beitr\u00e4gen zur Schleidener- und zur Heimatgeschichte. 190 Seiten mit \u00fcber 70 Abbildungen (s\/w).<br \/>\n<a href=\"https:\/\/gf-sle.de\/?p=4447\">mehr Informationen<\/a> \u2013 <a href=\"https:\/\/gf-sle.de\/?p=2712\">Bestellformular<\/a><\/td>\n<\/tr>\n<tr>\n<td><strong><a href=\"https:\/\/gf-sle.de\/?p=3513\"><img loading=\"lazy\" decoding=\"async\" class=\"alignleft wp-image-3675 size-medium\" src=\"https:\/\/gf-sle.de\/wp-content\/uploads\/2018\/01\/Jahresheft-2018-225x300.jpg\" alt=\"\" width=\"225\" height=\"300\" srcset=\"https:\/\/gf-sle.de\/wp-content\/uploads\/2018\/01\/Jahresheft-2018-225x300.jpg 225w, https:\/\/gf-sle.de\/wp-content\/uploads\/2018\/01\/Jahresheft-2018.jpg 600w\" sizes=\"auto, (max-width: 225px) 100vw, 225px\" \/><\/a>Jahresheft 2018, <\/strong>(08|2017)<strong>, 4,80 \u20ac.<\/strong><br \/>\nDas dritte Jahresheft mit Geschichten und Beitr\u00e4gen zur Schleidener- und zur Heimatgeschichte. 214 Seiten vielen Abbildungen (s\/w).<br \/>\n<a href=\"https:\/\/gf-sle.de\/?p=3513\">mehr Informationen<\/a> \u2013 <a href=\"https:\/\/gf-sle.de\/?p=2712\">Bestellformular<\/a><\/td>\n<\/tr>\n<tr>\n<td><strong><img loading=\"lazy\" decoding=\"async\" class=\"alignleft size-medium wp-image-3674\" src=\"https:\/\/gf-sle.de\/wp-content\/uploads\/2018\/01\/Jahresheft-2017-225x300.jpg\" alt=\"\" width=\"225\" height=\"300\" srcset=\"https:\/\/gf-sle.de\/wp-content\/uploads\/2018\/01\/Jahresheft-2017-225x300.jpg 225w, https:\/\/gf-sle.de\/wp-content\/uploads\/2018\/01\/Jahresheft-2017.jpg 600w\" sizes=\"auto, (max-width: 225px) 100vw, 225px\" \/>Jahresheft 2017, <\/strong>(06|2016)<strong>, 4,80 \u20ac.<\/strong><br \/>\nEin Jahresheft mit Geschichten und Beitr\u00e4gen zur Schleidener Geschichte. 120 Seiten, 66 Abbildungen (s\/w).<br \/>\n<a href=\"https:\/\/gf-sle.de\/?p=3055\">mehr Informationen<\/a> \u2013 <a href=\"https:\/\/gf-sle.de\/?p=2712\">Bestellformular<\/a><\/td>\n<\/tr>\n<tr>\n<td><strong><img loading=\"lazy\" decoding=\"async\" class=\"alignleft size-medium wp-image-3673\" src=\"https:\/\/gf-sle.de\/wp-content\/uploads\/2018\/01\/Jahresheft-2016-225x300.jpg\" alt=\"\" width=\"225\" height=\"300\" srcset=\"https:\/\/gf-sle.de\/wp-content\/uploads\/2018\/01\/Jahresheft-2016-225x300.jpg 225w, https:\/\/gf-sle.de\/wp-content\/uploads\/2018\/01\/Jahresheft-2016.jpg 600w\" sizes=\"auto, (max-width: 225px) 100vw, 225px\" \/>Jahresheft 2016, <\/strong>(02|2015)<strong>, 4,80 \u20ac.<\/strong><br \/>\nEin Jahresheft mit Geschichten und Beitr\u00e4gen zur Schleidener Geschichte. 114 Seiten und \u00fcber 100 Schwarz-Wei\u00df-Bilder.<br \/>\n<a href=\"https:\/\/gf-sle.de\/?p=2617\">mehr Informationen<\/a> \u2013 <a href=\"https:\/\/gf-sle.de\/?p=2712\">Bestellformular<\/a><\/td>\n<\/tr>\n<tr>\n<td><img loading=\"lazy\" decoding=\"async\" class=\"alignleft wp-image-3560\" src=\"https:\/\/gf-sle.de\/wp-content\/uploads\/2017\/11\/Smlg-Wolter-198x300.jpg\" alt=\"\" width=\"225\" height=\"341\" srcset=\"https:\/\/gf-sle.de\/wp-content\/uploads\/2017\/11\/Smlg-Wolter-198x300.jpg 198w, https:\/\/gf-sle.de\/wp-content\/uploads\/2017\/11\/Smlg-Wolter.jpg 370w\" sizes=\"auto, (max-width: 225px) 100vw, 225px\" \/><strong>Alfred Wolter \u2013 Historische Sammlung, <\/strong>10|2017<strong>. <\/strong>Historisches aus Dreiborn und dem Stadtgebiet. 380 S., Gro\u00dfformat. Mehr Informationen: <a href=\"https:\/\/gf-sle.de\/wp-content\/uploads\/2017\/11\/Slg-Wolter-Auszug.pdf\">InhaltsVz als PDF<\/a>. Das Buch wird gerne an geschichtsinteressierte gegen eine&nbsp; Spende von 20,00&nbsp;\u20ac&nbsp; abgegeben:<br \/>\n<a href=\"https:\/\/gf-sle.de\/?p=3546\">mehr Informationen<\/a> \u2013 <a href=\"https:\/\/gf-sle.de\/?p=2712\">Bestellformular<\/a>&nbsp;<br \/>\nFragen dazu: E-Mail: s.scholzen@gf-sle.de oder mit dem <a href=\"https:\/\/gf-sle.de\/?page_id=2271\">Kontaktformular<\/a><\/td>\n<\/tr>\n<tr>\n<td><strong><img loading=\"lazy\" decoding=\"async\" class=\"alignleft size-medium wp-image-3677\" src=\"https:\/\/gf-sle.de\/wp-content\/uploads\/2018\/01\/Sibirische-Odyssee-225x300.jpg\" alt=\"\" width=\"225\" height=\"300\" srcset=\"https:\/\/gf-sle.de\/wp-content\/uploads\/2018\/01\/Sibirische-Odyssee-225x300.jpg 225w, https:\/\/gf-sle.de\/wp-content\/uploads\/2018\/01\/Sibirische-Odyssee.jpg 600w\" sizes=\"auto, (max-width: 225px) 100vw, 225px\" \/>Sibirische Odyssee, <\/strong>(01|2015), <strong>9,80 \u20ac<\/strong>, Sonderpreis f\u00fcr Restbest\u00e4nde.<br \/>\nErinnerungen des Schleideners Paul Fesenmeyer an die Kriegsgefangenschaft 1915-1920.<br \/>\n<a href=\"https:\/\/gf-sle.de\/?p=2149\">mehr Informationen<\/a> \u2013 <a href=\"https:\/\/gf-sle.de\/?p=2712\">Bestellformular<\/a>&nbsp;<\/td>\n<\/tr>\n<tr>\n<td><strong><img loading=\"lazy\" decoding=\"async\" class=\"alignleft size-medium wp-image-3671\" src=\"https:\/\/gf-sle.de\/wp-content\/uploads\/2018\/01\/Gem\u00fcnder-Wochenblatt--225x300.jpg\" alt=\"\" width=\"225\" height=\"300\" srcset=\"https:\/\/gf-sle.de\/wp-content\/uploads\/2018\/01\/Gem\u00fcnder-Wochenblatt--225x300.jpg 225w, https:\/\/gf-sle.de\/wp-content\/uploads\/2018\/01\/Gem\u00fcnder-Wochenblatt-.jpg 600w\" sizes=\"auto, (max-width: 225px) 100vw, 225px\" \/>Gem\u00fcnder Wochenblatt v. 1848\/1849,<\/strong> (04|2016)<strong>, 20,00 \u20ac<\/strong>. Eine Reproduktion der 170 Jahre alten Ausgaben. Von Klaus St\u00fcber und Siegfried Scholzen. Gebunden, 21,5 x 30,5, 376 Seiten.<br \/>\n<a href=\"https:\/\/gf-sle.de\/?p=2943\">mehr Informationen<\/a> \u2013 <a href=\"https:\/\/gf-sle.de\/?p=2712\">Bestellformular<\/a>&nbsp;<\/td>\n<\/tr>\n<tr>\n<td><strong><img loading=\"lazy\" decoding=\"async\" class=\"alignleft wp-image-3072\" src=\"https:\/\/gf-sle.de\/wp-content\/uploads\/2016\/11\/Titel-ZwArb-213x300.jpg\" alt=\"\" width=\"225\" height=\"317\" srcset=\"https:\/\/gf-sle.de\/wp-content\/uploads\/2016\/11\/Titel-ZwArb-213x300.jpg 213w, https:\/\/gf-sle.de\/wp-content\/uploads\/2016\/11\/Titel-ZwArb.jpg 300w\" sizes=\"auto, (max-width: 225px) 100vw, 225px\" \/>Zwangsarbeit im ehemaligen Landkreis Schleiden,<\/strong> (05|2016). Einsatz von Zwangsarbeitern im Landkreis Schleiden nach Unterlagen der Krankenkassen aufbereitet. Nicht Ver\u00f6ffentlicht. Das Werk kann im Kreisarchiv Euskirchen eingesehen werden.<br \/>\n<a href=\"https:\/\/gf-sle.de\/?p=3068\">mehr Informationen<\/a><\/td>\n<\/tr>\n<\/tbody>\n<\/table>\n","protected":false},"excerpt":{"rendered":"<p>Alle Ver\u00f6ffentlichungen:&nbsp; &nbsp; &nbsp; [direkt zum Bestellformular] Jahresheft 2026 (26|2025), 6,00 \u20ac. Themen des 11. Heftes u.a.: Victor Neels als Br\u00fcckenbauer zwischen den Kulturen Europas; die bewegte Geschichte der Leykaul; Schieferabbau im 18. und 19. Jahrhundert in Dedenborn und Dreiborn; &hellip; <a href=\"https:\/\/gf-sle.de\/?page_id=3996\">Weiterlesen <span class=\"meta-nav\">&rarr;<\/span><\/a><\/p>\n","protected":false},"author":1,"featured_media":0,"parent":0,"menu_order":4,"comment_status":"closed","ping_status":"closed","template":"","meta":{"ngg_post_thumbnail":0,"footnotes":""},"class_list":["post-3996","page","type-page","status-publish","hentry"],"_links":{"self":[{"href":"https:\/\/gf-sle.de\/index.php?rest_route=\/wp\/v2\/pages\/3996","targetHints":{"allow":["GET"]}}],"collection":[{"href":"https:\/\/gf-sle.de\/index.php?rest_route=\/wp\/v2\/pages"}],"about":[{"href":"https:\/\/gf-sle.de\/index.php?rest_route=\/wp\/v2\/types\/page"}],"author":[{"embeddable":true,"href":"https:\/\/gf-sle.de\/index.php?rest_route=\/wp\/v2\/users\/1"}],"replies":[{"embeddable":true,"href":"https:\/\/gf-sle.de\/index.php?rest_route=%2Fwp%2Fv2%2Fcomments&post=3996"}],"version-history":[{"count":57,"href":"https:\/\/gf-sle.de\/index.php?rest_route=\/wp\/v2\/pages\/3996\/revisions"}],"predecessor-version":[{"id":9188,"href":"https:\/\/gf-sle.de\/index.php?rest_route=\/wp\/v2\/pages\/3996\/revisions\/9188"}],"wp:attachment":[{"href":"https:\/\/gf-sle.de\/index.php?rest_route=%2Fwp%2Fv2%2Fmedia&parent=3996"}],"curies":[{"name":"wp","href":"https:\/\/api.w.org\/{rel}","templated":true}]}}