{"id":4184,"date":"2018-05-25T17:47:49","date_gmt":"2018-05-25T17:47:49","guid":{"rendered":"http:\/\/gf-sle.de\/?page_id=4184"},"modified":"2022-11-16T15:38:47","modified_gmt":"2022-11-16T15:38:47","slug":"datenschutzvereinbarung-fuer-vereinsmitglieder","status":"publish","type":"page","link":"https:\/\/gf-sle.de\/?page_id=4184","title":{"rendered":"Datenschutzvereinbarung f\u00fcr Vereinsmitglieder."},"content":{"rendered":"<p>Bitte durchlesen und zustimmen.<\/p>\n<h1>Datenschutzvereinbarung Geschichtsforum Schleiden e.V.<\/h1>\n<h2>I.&nbsp;&nbsp;&nbsp;&nbsp;&nbsp; Allgemeine Informationspflicht<\/h2>\n<p>(1) Zur Erf\u00fcllung der Zwecke und Aufgaben des Vereins werden unter Beachtung der Vorgaben der EU Datenschutz-Grundverordnung (DS-GVO) und des Bundesdatenschutzgesetzes (BDSG) erforderliche personenbezogene Daten der Mitglieder zum Zwecke der Durchf\u00fchrung des Vertragsverh\u00e4ltnisses (Mitgliedschaft) verarbeitet<a href=\"#_ftn1\" name=\"_ftnref1\">[1]<\/a>. Ohne Bereitstellung von Kontaktdaten ist eine Mitgliedschaft nicht m\u00f6glich.<\/p>\n<p>(2) Verantwortlicher im Sinne der DSGVO ist <strong>Geschichtsforum Schleiden e.V.<\/strong>, vertreten durch den<\/p>\n<p><strong>Vorstand, Dr. Norbert Toporowsky, Zum Hellesbach 24, 53937 Schleiden.<br \/>\nTel.: +49 2445 8441, E-Mail: vorstand@gf-sle.de<\/strong><\/p>\n<p>(3) Es werden folgende personenbezogene Daten erfasst:<\/p>\n<p><strong>&#8211; <\/strong>Kontaktdaten:<\/p>\n<ul>\n<li>Anrede (Herr\/Frau),<\/li>\n<li>Name, Vorname,<\/li>\n<li>Anschrift (Stra\u00dfe und Ort),<\/li>\n<li>Telefonnummer und E-Mailadresse;<\/li>\n<\/ul>\n<p><strong>&#8211; <\/strong>Mitgliedsdaten:<\/p>\n<ul>\n<li>Ein- und Austrittsdatum,<\/li>\n<li>Mitgliedsnummer,<\/li>\n<li>Geburtsdatum,<\/li>\n<li>Titel, Datum und Ort einer durch das Mitglied im Vereinszweck erfolgten Publikation;<\/li>\n<li>Zahlungsdaten:<\/li>\n<li>Bankdaten f\u00fcr Beitragslastschrift (Kontoinhaber, IBAN und BIC),<\/li>\n<li>H\u00f6he und Zeitpunkt der Beitragszahlung,<\/li>\n<li>die H\u00f6he und Zeitpunkt der Spendenzahlung sowie Spendenzweck.<\/li>\n<\/ul>\n<h6><a href=\"#_ftnref1\" name=\"_ftn1\">[1]<\/a> Der Begriff \u201eVerarbeitung\u201c ist in der DS-GVO sehr weit gefasst und umfasst u.a. die Verarbeitungsarten Erheben, Erfassen, Verwenden, Offenlegen, Verbreiten, Abgleichen das L\u00f6schen sowie das Vernichten personenbezogener Daten (Art. 4 Nr. 2 DS-GVO).<\/h6>\n<h2>II.&nbsp;&nbsp;&nbsp;&nbsp;&nbsp; Art der Nutzung<\/h2>\n<p>(1) Die Daten werden aufgrund der nachfolgenden gesetzlichen Bestimmungen ausschlie\u00dflich f\u00fcr die nachfolgende Zwecke gespeichert:<\/p>\n<ol>\n<li>a) Art. 6 Abs. 1 lit. b) DS-GVO:<\/li>\n<\/ol>\n<p><strong>&#8211; <\/strong>f\u00fcr die Mitgliederverwaltung und zu organisatorischen Abwicklung der Vereinsaufgaben im Sinne der Satzung. Zwecke der Mitgliederverwaltung sind insbesondere die Einladung zu Mitgliederversammlungen und die Verteilung von Protokolle sowie die Vereinsbeitragszahlung. Die Kontodaten (IBAN\/BIC) werden ausschlie\u00dflich f\u00fcr den Einzug der Vereinsbeitr\u00e4ge im Lastschriftverfahren genutzt.<\/p>\n<p><strong>&#8211; <\/strong>f\u00fcr Zwecke nach den Vereinsaufgaben im Sinne der Satzung, insbesondere:<\/p>\n<p><strong>&#8211; <\/strong>Verteilung von Informationen,<\/p>\n<p><strong>&#8211; <\/strong>Ank\u00fcndigung von Veranstaltungen und Exkursionen,<\/p>\n<p><strong>&#8211; <\/strong>Zusendung von Publikationen;<\/p>\n<ol>\n<li>b) gem. Art. 6 Abs. 1 lit. f) DSGVO f\u00fcr die Vereinshistorie (auch nach Vereinsaustritt oder Ausschluss gem. \u00a7 3 der Satzung);<\/li>\n<li>c) gem. Art. 6 Abs. 1 lit. a) DSGVO bei Vorliegen einer Einwilligung die Kontaktdaten f\u00fcr den Kommunikationsaustauch in Zusammenhang mit Recherchen, der Erstellung von Publikationen und an den Verein gestellte Anfragen.<\/li>\n<\/ol>\n<p>(2) Die Daten werden f\u00fcr die Dauer der Mitgliedschaft, mindestens aber f\u00fcr die Dauer einer gesetzlichen Aufzeichnungspflicht gespeichert. Kontakt- und Mitgliedsdaten werden dauerhaft archiviert.<\/p>\n<p>(3) F\u00fcr jede dar\u00fcberhinausgehende Nutzung der personenbezogenen Daten und die Erhebung zus\u00e4tzlicher Informationen bedarf es der Einwilligung des Betroffenen.<\/p>\n<p><strong>&#8211; <\/strong>Der Vereinsvorstand weist hiermit darauf hin, dass ausreichende technische Ma\u00dfnahmen zur Gew\u00e4hrleistung des Datenschutzes getroffen wurden. Dennoch kann bei einer Ver\u00f6ffentlichung von personenbezogenen Mitgliederdaten im Internet ein umfassender Datenschutz nicht garantiert werden. Daher nimmt das Vereinsmitglied die Risiken f\u00fcr eine eventuelle Pers\u00f6nlichkeitsrechtsverletzung zur Kenntnis und ist sich bewusst, dass:<\/p>\n<p><strong>&#8211; <\/strong>die personenbezogenen Daten auch in Staaten abrufbar sind, die keine der Bundesrepublik Deutschland vergleichbaren Datenschutzbestimmungen kennen,<\/p>\n<p><strong>&#8211; <\/strong>die Vertraulichkeit, die Integrit\u00e4t (Unverletzlichkeit), die Authentizit\u00e4t (Echtheit) und die Verf\u00fcgbarkeit der personenbezogenen Daten nicht garantiert ist.<\/p>\n<h2>III.&nbsp;&nbsp;&nbsp;&nbsp;&nbsp; Verpflichtung<\/h2>\n<ul>\n<li>Den Organen des Vereins, allen Mitarbeitern oder sonst f\u00fcr den Verein T\u00e4tigen ist es untersagt, personenbezogene Daten unbefugt zu anderen als dem jeweiligen zur Aufgabenerf\u00fcllung geh\u00f6renden Zweck zu verarbeiten, bekannt zu geben, Dritten zug\u00e4nglich zu machen oder sonst zu nutzen. Diese Pflicht besteht auch \u00fcber das Ausscheiden der oben genannten Personen aus dem Verein oder den Zeitpunkt der Beendigung der T\u00e4tigkeit f\u00fcr den Verein hinaus (Datengeheimnis).<\/li>\n<li>Die in Absatz 1 genannte Personen sind vor der Aufnahme ihrer T\u00e4tigkeit \u00fcber das Datengeheimnis zu belehren und auf das Datengeheimnis zu verpflichten.<\/li>\n<li>Die in Absatz 1 genannten Organe haben ausreichend technische und organisatorische Ma\u00dfnahmen zur Gew\u00e4hrleistung des Datenschutzes zu treffen.<\/li>\n<\/ul>\n<h2>IV.&nbsp;&nbsp;&nbsp;&nbsp;&nbsp; Hinweise<\/h2>\n<ul>\n<li>Sie sind gem. Art. 15 DSGVO jederzeit berechtigt, den Verein um Auskunft \u00fcber die zu Ihrer Person gespeicherten Daten zu ersuchen.<\/li>\n<li>Weiterhin k\u00f6nnen Sie jederzeit die Berichtigung gem. Art. 16 DS-GVO, L\u00f6schung gem. Art. 17 DS-GVO, oder Einschr\u00e4nkung der Verarbeitung der betreffenden personenbezogenen Daten gem. Art. 18 DSGVO verlangen. Es steht Ihnen weiterhin ein Recht auf Widerspruch gegen die Verarbeitung gem. Art. 21 DSGVO sowie ein Recht auf Daten\u00fcbertragbarkeit gem. Art. 20 DSGVO zu.<\/li>\n<li>Es besteht ein Beschwerderecht bei der zust\u00e4ndigen Aufsichtsbeh\u00f6rde. Die zust\u00e4ndige Aufsichtsbeh\u00f6rde f\u00fcr den Sitz des Vereins ist die Landesbeauftragte f\u00fcr Datenschutz und Informationsfreiheit Nordrhein-Westfalen, Kavalleriestr. 2-4, 40213 D\u00fcsseldorf. Gem. Art. 77 DSGVO k\u00f6nnen Sie sich aber auch an eine andere Aufsichtsbeh\u00f6rde wenden, insbesondere die Ihres Aufenthaltsortes, ihres Arbeitsplatzes oder des Orts des mutma\u00dflichen Versto\u00dfes.<\/li>\n<\/ul>\n<h2>V.&nbsp;&nbsp;&nbsp;&nbsp;&nbsp; Einwilligung und f\u00f6rmliche Einverst\u00e4ndniserkl\u00e4rung<\/h2>\n<ul>\n<li>Bitte bei Vereinseintritt <b>einmalig<\/b> die Einwilligung erkl\u00e4ren und die Zustimmung absenden:<\/li>\n<\/ul>\n\n<div class=\"wpcf7 no-js\" id=\"wpcf7-f4183-o1\" lang=\"de-DE\" dir=\"ltr\" data-wpcf7-id=\"4183\">\n<div class=\"screen-reader-response\"><p role=\"status\" aria-live=\"polite\" aria-atomic=\"true\"><\/p> <ul><\/ul><\/div>\n<form action=\"\/index.php?rest_route=%2Fwp%2Fv2%2Fpages%2F4184#wpcf7-f4183-o1\" method=\"post\" class=\"wpcf7-form init wpcf7-acceptance-as-validation\" aria-label=\"Kontaktformular\" novalidate=\"novalidate\" data-status=\"init\">\n<fieldset class=\"hidden-fields-container\"><input type=\"hidden\" name=\"_wpcf7\" value=\"4183\" \/><input type=\"hidden\" name=\"_wpcf7_version\" value=\"6.1.5\" \/><input type=\"hidden\" name=\"_wpcf7_locale\" value=\"de_DE\" \/><input type=\"hidden\" name=\"_wpcf7_unit_tag\" value=\"wpcf7-f4183-o1\" \/><input type=\"hidden\" name=\"_wpcf7_container_post\" value=\"0\" \/><input type=\"hidden\" name=\"_wpcf7_posted_data_hash\" value=\"\" \/>\n<\/fieldset>\n<p><span id=\"wpcf7-69df43c266937-wrapper\" class=\"wpcf7-form-control-wrap Mail-wrap\" style=\"display:none !important; visibility:hidden !important;\"><label for=\"wpcf7-69df43c266937-field\" class=\"hp-message\">Bitte lasse dieses Feld leer.<\/label><input id=\"wpcf7-69df43c266937-field\"  class=\"wpcf7-form-control wpcf7-text\" type=\"text\" name=\"Mail\" value=\"\" size=\"40\" tabindex=\"-1\" autocomplete=\"new-password\" \/><\/span><span id=\"wpcf7-69df43c266986-wrapper\" class=\"wpcf7-form-control-wrap Name-wrap\" style=\"display:none !important; visibility:hidden !important;\"><label for=\"wpcf7-69df43c266986-field\" class=\"hp-message\">Bitte lasse dieses Feld leer.<\/label><input id=\"wpcf7-69df43c266986-field\"  class=\"wpcf7-form-control wpcf7-text\" type=\"text\" name=\"Name\" value=\"\" size=\"40\" tabindex=\"-1\" autocomplete=\"new-password\" \/><\/span>(1) Ich willige ein, dass meine Kontaktdaten zum Zwecke der vereinsinternen Kommunikation allen Vereinsmitgliedern zur Verf\u00fcgung gestellt werden.<br \/>\n<span style=\"color:#FF0000\"> Bitte best\u00e4tigen:<\/span><span class=\"wpcf7-form-control-wrap\" data-name=\"acceptance-330\"><span class=\"wpcf7-form-control wpcf7-acceptance\"><span class=\"wpcf7-list-item\"><input type=\"checkbox\" name=\"acceptance-330\" value=\"1\" aria-invalid=\"false\" \/><\/span><\/span><\/span><br \/>\n(2) Ich willige weiterhin ein, dass diese in einem durch Passwort gesch\u00fctzten Internetbereich zur Verf\u00fcgung stehen, zu dem nur Vereinsmitglieder Zugang erhalten. Mir ist bekannt, dass eine Weitergabe der Daten ohne Einwilligung der betroffenen Person nicht zul\u00e4ssig ist und die Nutzung der Kontaktdaten ausschlie\u00dflich zu Vereinszwecken erfolgen darf. <span style=\"color:#FF0000\"> Bitte best\u00e4tigen:<\/span><span class=\"wpcf7-form-control-wrap\" data-name=\"acceptance-330\"><span class=\"wpcf7-form-control wpcf7-acceptance\"><span class=\"wpcf7-list-item\"><input type=\"checkbox\" name=\"acceptance-330\" value=\"1\" aria-invalid=\"false\" \/><\/span><\/span><\/span><br \/>\n(3) Ich willige ein, dass meine Kontaktdaten in Zusammenhang mit an den Verein gestellten Anfragen sowie f\u00fcr Publikationen an Dritte weitergegeben werden d\u00fcrfen. Der Vorstand in-formiert das Mitglied \u00fcber eine aufgrund dieser Einwilligung erfolgten Weitergabe. <span style=\"color:#FF0000\"> Bitte best\u00e4tigen:<\/span><span class=\"wpcf7-form-control-wrap\" data-name=\"acceptance-330\"><span class=\"wpcf7-form-control wpcf7-acceptance\"><span class=\"wpcf7-list-item\"><input type=\"checkbox\" name=\"acceptance-330\" value=\"1\" aria-invalid=\"false\" \/><\/span><\/span><\/span><br \/>\n(4) Sie k\u00f6nnen jederzeit ohne Angabe von Gr\u00fcnden von Ihrem Widerspruchsrecht Gebrauch machen und die erteilte Einwilligungserkl\u00e4rung mit Wirkung f\u00fcr die Zukunft ab\u00e4ndern oder g\u00e4nzlich widerrufen, ohne dass die Rechtm\u00e4\u00dfigkeit der aufgrund der Einwilligung bis zum Wi-derruf erfolgten Verarbeitung, ber\u00fchrt wird. Sie k\u00f6nnen den Widerruf entweder postalisch oder per E-Mail an den Verein \u00fcbermitteln.<br \/>\n<span style=\"color:#FF0000\"> Bitte best\u00e4tigen:<\/span><span class=\"wpcf7-form-control-wrap\" data-name=\"acceptance-330\"><span class=\"wpcf7-form-control wpcf7-acceptance\"><span class=\"wpcf7-list-item\"><input type=\"checkbox\" name=\"acceptance-330\" value=\"1\" aria-invalid=\"false\" \/><\/span><\/span><\/span>\n<\/p>\n<p>Name\n<\/p>\n<p><span class=\"wpcf7-form-control-wrap\" data-name=\"your-name\"><input size=\"70\" maxlength=\"400\" class=\"wpcf7-form-control wpcf7-text wpcf7-validates-as-required\" aria-required=\"true\" aria-invalid=\"false\" value=\"\" type=\"text\" name=\"your-name\" \/><\/span>\n<\/p>\n<p>E-Mail-Adresse\n<\/p>\n<p><span class=\"wpcf7-form-control-wrap\" data-name=\"email-968\"><input size=\"70\" maxlength=\"400\" class=\"wpcf7-form-control wpcf7-email wpcf7-validates-as-required wpcf7-text wpcf7-validates-as-email\" aria-required=\"true\" aria-invalid=\"false\" value=\"\" type=\"email\" name=\"email-968\" \/><\/span>\n<\/p>\n<p>Ort und Datum\n<\/p>\n<p><span class=\"wpcf7-form-control-wrap\" data-name=\"text-583\"><input size=\"70\" maxlength=\"400\" class=\"wpcf7-form-control wpcf7-text wpcf7-validates-as-required\" aria-required=\"true\" aria-invalid=\"false\" value=\"\" type=\"text\" name=\"text-583\" \/><\/span><br \/>\n<br \/>\nSind alle Eingaben ok? Wenn ja, bitte die Zustimmung absenden:\n<\/p>\n<p><input class=\"wpcf7-form-control wpcf7-submit has-spinner\" type=\"submit\" value=\"Zustimmung absenden\" \/>\n<\/p><div class=\"wpcf7-response-output\" aria-hidden=\"true\"><\/div>\n<\/form>\n<\/div>\n\n<p>&nbsp;<\/p>\n<h6>&nbsp;<\/h6>\n","protected":false},"excerpt":{"rendered":"<p>Bitte durchlesen und zustimmen. Datenschutzvereinbarung Geschichtsforum Schleiden e.V. I.&nbsp;&nbsp;&nbsp;&nbsp;&nbsp; Allgemeine Informationspflicht (1) Zur Erf\u00fcllung der Zwecke und Aufgaben des Vereins werden unter Beachtung der Vorgaben der EU Datenschutz-Grundverordnung (DS-GVO) und des Bundesdatenschutzgesetzes (BDSG) erforderliche personenbezogene Daten der Mitglieder zum Zwecke &hellip; <a href=\"https:\/\/gf-sle.de\/?page_id=4184\">Weiterlesen <span class=\"meta-nav\">&rarr;<\/span><\/a><\/p>\n","protected":false},"author":1,"featured_media":0,"parent":0,"menu_order":0,"comment_status":"closed","ping_status":"closed","template":"","meta":{"ngg_post_thumbnail":0,"footnotes":""},"class_list":["post-4184","page","type-page","status-publish","hentry"],"_links":{"self":[{"href":"https:\/\/gf-sle.de\/index.php?rest_route=\/wp\/v2\/pages\/4184","targetHints":{"allow":["GET"]}}],"collection":[{"href":"https:\/\/gf-sle.de\/index.php?rest_route=\/wp\/v2\/pages"}],"about":[{"href":"https:\/\/gf-sle.de\/index.php?rest_route=\/wp\/v2\/types\/page"}],"author":[{"embeddable":true,"href":"https:\/\/gf-sle.de\/index.php?rest_route=\/wp\/v2\/users\/1"}],"replies":[{"embeddable":true,"href":"https:\/\/gf-sle.de\/index.php?rest_route=%2Fwp%2Fv2%2Fcomments&post=4184"}],"version-history":[{"count":9,"href":"https:\/\/gf-sle.de\/index.php?rest_route=\/wp\/v2\/pages\/4184\/revisions"}],"predecessor-version":[{"id":7669,"href":"https:\/\/gf-sle.de\/index.php?rest_route=\/wp\/v2\/pages\/4184\/revisions\/7669"}],"wp:attachment":[{"href":"https:\/\/gf-sle.de\/index.php?rest_route=%2Fwp%2Fv2%2Fmedia&parent=4184"}],"curies":[{"name":"wp","href":"https:\/\/api.w.org\/{rel}","templated":true}]}}