{"id":5394,"date":"2019-09-25T17:29:08","date_gmt":"2019-09-25T17:29:08","guid":{"rendered":"http:\/\/gf-sle.de\/?page_id=5394"},"modified":"2024-06-21T08:53:03","modified_gmt":"2024-06-21T08:53:03","slug":"mitglied-werden","status":"publish","type":"page","link":"https:\/\/gf-sle.de\/?page_id=5394","title":{"rendered":"Vereinsmitgliedschaft"},"content":{"rendered":"<p>Sie m\u00f6chten Mitglied werden in unserem Verein, m\u00f6chten das Geschichtsforum Schleiden finanziell unterst\u00fctzen oder aktiv mitwirken?&nbsp; Die Vereinsmitgliedschaft kostet 24 \u20ac im Jahr. Der Beitrag wird j\u00e4hrlich abgebucht. Sch\u00fcler, Auszubildende und Studenten k\u00f6nnen beitragsfrei Mitglied werden.<br \/>\nAls Mitglied werden Sie regelm\u00e4\u00dfig per E-Mail \u00fcber die Vereinsaktivit\u00e4ten informiert und erhalten j\u00e4hrlich unser Jahresheft kostenlos. Dar\u00fcber hinaus k\u00f6nnen sie alle unsere Ver\u00f6ffentlichungen zum Vorzugspreis beziehen. Unser Verein ist als gemeinn\u00fctzig anerkannt, Vereinsorgane und -ziele sind in der <a href=\"https:\/\/gf-sle.de\/wp-content\/uploads\/2018\/05\/1000-GFS-Satzung.pdf\" target=\"_blank\" rel=\"noopener noreferrer\">Satzung<\/a> festgelegt. <strong>Machen sie mit! So gehts:<\/strong><\/p>\n<p><strong>Mitgliedschaft direkt online beantragen:<\/strong> <a href=\"https:\/\/gf-sle.de\/?page_id=8472\">zum Online Antrag (hier klicken)<\/a><\/p>\n<p><strong>oder die klassische, etwas aufwendigere Variante:<\/strong><\/p>\n<ol>\n<li><a href=\"https:\/\/gf-sle.de\/wp-content\/uploads\/2022\/07\/Antrag-Mitgliedschaft-1.pdf\">Antrag auf Vereinsmitgliedschaft<\/a> herunterladen, ausf\u00fcllen und den Antrag und Lastschrifterm\u00e4chtigung unterschreiben und an das Geschichtsforum Schleiden e.V., Kirschdell 2, 53937 Schleiden schicken. Wegen der Unterschriften ist die Briefform erforderlich.<\/li>\n<li>Der Datenschutzerkl\u00e4rung f\u00fcr Mitglieder (erforderlich gem. <a href=\"https:\/\/dsgvo-gesetz.de\/\">DSGVO<\/a>) zustimmen. Der Datenschutzerkl\u00e4rung k\u00f6nnen Sie <a href=\"https:\/\/gf-sle.de\/?page_id=4184\">online zustimmen<\/a> oder sie ebenfalls <a href=\"https:\/\/gf-sle.de\/wp-content\/uploads\/2022\/08\/GFS-Datenschutzvereinbarung.pdf\">als PDF-Dokument<\/a> herunterladen und unterschrieben dem Antrag auf Vereinsmitgliedschaft beif\u00fcgen.<\/li>\n<\/ol>\n<p>Das wars schon. Fragen beantworten wir gerne per E-Mail <a href=\"mailto:s.scholzen@geschichtsforumschleiden.de\">s.scholzen@geschichtsforumschleiden.de<\/a> oder \u00fcber unser <a href=\"https:\/\/gf-sle.de\/?page_id=2271\">Kontakformular<\/a><\/p>\n<p>Die Mitgliedschaft kann zum Ende eines Kalenderjahres schriftlich gek\u00fcndigt werden. Die K\u00fcndigung ist mit einer Frist von 6 Wochen vor Ende des Kalenderjahres dem <a href=\"https:\/\/gf-sle.de\/?page_id=36\">Vereinsvorstand<\/a> zukommen zu lassen.<\/p>\n<p>&nbsp;<\/p>\n","protected":false},"excerpt":{"rendered":"<p>Sie m\u00f6chten Mitglied werden in unserem Verein, m\u00f6chten das Geschichtsforum Schleiden finanziell unterst\u00fctzen oder aktiv mitwirken?&nbsp; Die Vereinsmitgliedschaft kostet 24 \u20ac im Jahr. Der Beitrag wird j\u00e4hrlich abgebucht. Sch\u00fcler, Auszubildende und Studenten k\u00f6nnen beitragsfrei Mitglied werden. Als Mitglied werden Sie &hellip; <a href=\"https:\/\/gf-sle.de\/?page_id=5394\">Weiterlesen <span class=\"meta-nav\">&rarr;<\/span><\/a><\/p>\n","protected":false},"author":1,"featured_media":0,"parent":0,"menu_order":0,"comment_status":"closed","ping_status":"closed","template":"","meta":{"ngg_post_thumbnail":0,"footnotes":""},"class_list":["post-5394","page","type-page","status-publish","hentry"],"_links":{"self":[{"href":"https:\/\/gf-sle.de\/index.php?rest_route=\/wp\/v2\/pages\/5394","targetHints":{"allow":["GET"]}}],"collection":[{"href":"https:\/\/gf-sle.de\/index.php?rest_route=\/wp\/v2\/pages"}],"about":[{"href":"https:\/\/gf-sle.de\/index.php?rest_route=\/wp\/v2\/types\/page"}],"author":[{"embeddable":true,"href":"https:\/\/gf-sle.de\/index.php?rest_route=\/wp\/v2\/users\/1"}],"replies":[{"embeddable":true,"href":"https:\/\/gf-sle.de\/index.php?rest_route=%2Fwp%2Fv2%2Fcomments&post=5394"}],"version-history":[{"count":26,"href":"https:\/\/gf-sle.de\/index.php?rest_route=\/wp\/v2\/pages\/5394\/revisions"}],"predecessor-version":[{"id":8489,"href":"https:\/\/gf-sle.de\/index.php?rest_route=\/wp\/v2\/pages\/5394\/revisions\/8489"}],"wp:attachment":[{"href":"https:\/\/gf-sle.de\/index.php?rest_route=%2Fwp%2Fv2%2Fmedia&parent=5394"}],"curies":[{"name":"wp","href":"https:\/\/api.w.org\/{rel}","templated":true}]}}