{"id":6088,"date":"2020-08-30T13:42:35","date_gmt":"2020-08-30T13:42:35","guid":{"rendered":"https:\/\/gf-sle.de\/?page_id=6088"},"modified":"2021-04-02T10:18:02","modified_gmt":"2021-04-02T10:18:02","slug":"allgemeine-geschaefts-und-lieferungsbedingungen-agb","status":"publish","type":"page","link":"https:\/\/gf-sle.de\/?page_id=6088","title":{"rendered":"Gesch\u00e4ftsbedingungen f\u00fcr unseren Buchversand (AGB)"},"content":{"rendered":"<h4 style=\"text-align: left;\">&nbsp; &nbsp; &nbsp; &nbsp; &nbsp; &nbsp; &nbsp; &nbsp; &nbsp; &nbsp; &nbsp; &nbsp; &nbsp; &nbsp; &nbsp; &nbsp; &nbsp; &nbsp; &nbsp; &nbsp; &nbsp; &nbsp; &nbsp; &nbsp; &nbsp; &nbsp; &nbsp; &nbsp; &nbsp; &nbsp; &nbsp; &nbsp; &nbsp; &nbsp; &nbsp; &nbsp; <a href=\"https:\/\/gf-sle.de\/wp-content\/uploads\/2020\/08\/Allgemeine-Geschaeftsbedingungen-AGB.pdf\">&#8230; die AGB als PDF zum Download<\/a><br \/>\n<strong>Allgemeines<\/strong><br \/>\nWir sind ein gemeinn\u00fctziger Verein und vertreiben unsere Ver\u00f6ffentlichungen ohne kommerzielle Interessen. Soweit nichts anderes angegeben, versenden wir die Bestellungen f\u00fcr den Besteller versandkostenfrei. Die Rechnungsstellung erfolgt ohne Ausweisung der der Umsatzsteuer nach 19 UstG, sogenannte Kleinunternehmerregelung.<br \/>\n<strong>Vertragsabschluss<\/strong><br \/>\nDer Vertrag kommt durch das Absenden der Bestellung zustande. Eine Best\u00e4tigung wird automatisch per E-Mail zugesandt. Es sind folgende Zahlungsm\u00f6glichkeiten vorgesehen:<br \/>\n<span style=\"color: #333333;\">&nbsp;a) Erteilung einer Sepa-Lastschrift (einmalige Nutzung nur f\u00fcr die ausgel\u00f6ste Bestellung),<\/span><br \/>\n<span style=\"color: #333333;\">&nbsp;b) gegen Vorkasse, \u00dcberweisung des Rechnungsbetrages auf unser Konto.<\/span><br \/>\nNach Vereinbarung liefern wir die Ware gegen Rechnung. In dem Fall behalten wir uns eine Bonit\u00e4tspr\u00fcfung vor. Die Ware bleibt bis zur vollst\u00e4ndigen Bezahlung unser Eigentum. Die Rechnung ist zahlbar innerhalb von 14 Tagen ab Rechnungsdatum ohne Abzug.<br \/>\nAuslandsbestellungen grunds\u00e4tzlich nur gegen Vorauskasse und nach vorheriger Absprache.<br \/>\n<strong>Widerrufsrecht<\/strong><br \/>\nSie haben als K\u00e4ufer das Recht innerhalb von 14 Tagen, ohne Angabe von Gr\u00fcnden die Ware zur\u00fcckzusenden. Die R\u00fcckversandkosten gehen zu Lasten des K\u00e4ufers.<br \/>\nUm Ihr Widerrufsrecht auszu\u00fcben, m\u00fcssen Sie uns \u00fcber Ihren Entschluss schriftlich oder per E-Mail informieren und die Ware auf ihre Kosten zur\u00fccksenden. Gezahlte Betr\u00e4ge werden auf ein von ihnen anzugebendes Konto erstattet.<br \/>\nWir k\u00f6nnen die R\u00fcckzahlung verweigern, bis wir die Ware wieder zur\u00fcckerhalten haben oder bis Sie den Nachweis erbracht haben, dass Sie die Ware zur\u00fcckgesandt haben. Eine R\u00fccksendung von benutzten B\u00fcchern ist ausgeschlossen.<br \/>\n<strong>Umtausch\/Reklamation<\/strong><br \/>\nWerden B\u00fccher bei der Lieferung besch\u00e4digt bzw. werden falsche oder m\u00e4ngelbehaftete Titel geliefert, sind wir gerne zum Umtausch bereit. Bitte nehmen sie Kontakt mit uns auf. Wir werden ihnen einen R\u00fccksendebeleg zur f\u00fcr sie portofreie R\u00fccksendung zuschicken und soweit m\u00f6glich Ersatz liefern. Falls eine Ersatzlieferung nicht m\u00f6glich ist, erstatten wie die gezahlten Rechnungsbetr\u00e4ge. Im \u00dcbrigen gilt die gesetzliche M\u00e4ngelhaftung.<br \/>\n<strong>Datenschutz<\/strong><br \/>\nIhre pers\u00f6nlichen Daten werden ausschlie\u00dflich zur Bestellabwicklung gespeichert und nicht an Dritte weitergegeben.<br \/>\n<strong>Anwendbares Recht<\/strong><br \/>\nDer Vertrag unterliegt deutschem Recht, wie es f\u00fcr Inlandsgesch\u00e4fte gilt. Erf\u00fcllungsort und Gerichtsstand ist Schleiden. Sollte eine oder mehrere Bestimmungen unwirksam sein, so ber\u00fchrt dies die Wirksamkeit der \u00fcbrigen Bestimmungen nicht.<br \/>\n<strong>Kontakt<\/strong><br \/>\nE-Mail: s.scholzen@gf-sle.de<br \/>\nTel.: 02445 1884<br \/>\nAnschrift. Geschichtsforum Schleiden e.V., Kirschdell 2, 53937 Schleiden<\/h4>\n<p>&nbsp;<\/p>\n","protected":false},"excerpt":{"rendered":"<p>&nbsp; &nbsp; &nbsp; &nbsp; &nbsp; &nbsp; &nbsp; &nbsp; &nbsp; &nbsp; &nbsp; &nbsp; &nbsp; &nbsp; &nbsp; &nbsp; &nbsp; &nbsp; &nbsp; &nbsp; &nbsp; &nbsp; &nbsp; &nbsp; &nbsp; &nbsp; &nbsp; &nbsp; &nbsp; &nbsp; &nbsp; &nbsp; &nbsp; &nbsp; &nbsp; &nbsp; &#8230; die AGB als &hellip; <a href=\"https:\/\/gf-sle.de\/?page_id=6088\">Weiterlesen <span class=\"meta-nav\">&rarr;<\/span><\/a><\/p>\n","protected":false},"author":1,"featured_media":0,"parent":0,"menu_order":0,"comment_status":"closed","ping_status":"closed","template":"","meta":{"ngg_post_thumbnail":0,"footnotes":""},"class_list":["post-6088","page","type-page","status-publish","hentry"],"_links":{"self":[{"href":"https:\/\/gf-sle.de\/index.php?rest_route=\/wp\/v2\/pages\/6088","targetHints":{"allow":["GET"]}}],"collection":[{"href":"https:\/\/gf-sle.de\/index.php?rest_route=\/wp\/v2\/pages"}],"about":[{"href":"https:\/\/gf-sle.de\/index.php?rest_route=\/wp\/v2\/types\/page"}],"author":[{"embeddable":true,"href":"https:\/\/gf-sle.de\/index.php?rest_route=\/wp\/v2\/users\/1"}],"replies":[{"embeddable":true,"href":"https:\/\/gf-sle.de\/index.php?rest_route=%2Fwp%2Fv2%2Fcomments&post=6088"}],"version-history":[{"count":7,"href":"https:\/\/gf-sle.de\/index.php?rest_route=\/wp\/v2\/pages\/6088\/revisions"}],"predecessor-version":[{"id":6631,"href":"https:\/\/gf-sle.de\/index.php?rest_route=\/wp\/v2\/pages\/6088\/revisions\/6631"}],"wp:attachment":[{"href":"https:\/\/gf-sle.de\/index.php?rest_route=%2Fwp%2Fv2%2Fmedia&parent=6088"}],"curies":[{"name":"wp","href":"https:\/\/api.w.org\/{rel}","templated":true}]}}