{"id":767,"date":"2013-03-18T11:45:06","date_gmt":"2013-03-18T10:45:06","guid":{"rendered":"http:\/\/wp.123siggis.de\/?page_id=2"},"modified":"2026-03-20T19:02:40","modified_gmt":"2026-03-20T19:02:40","slug":"sample-page-2","status":"publish","type":"page","link":"https:\/\/gf-sle.de\/?page_id=767","title":{"rendered":"\u00dcber uns"},"content":{"rendered":"<p align=\"JUSTIFY\"><span style=\"color: #000000;\"><span style=\"font-size: small;\"><span style=\"font-size: medium;\">Das Geschichtsforum Schleiden e.V. befasst sich mit der Geschichte der Stadt Schleiden mit den Ortschaften Gem\u00fcnd, Olef, Schleiden und Oberhausen in den T\u00e4lern von Urft und Olef sowie Wolfgarten, Herhahn, Morsbach, Scheuren, Ettelscheid, Dreiborn,und Berescheid sowie Bronsfeld, Harperscheid und Sch\u00f6neseiffen auf der Hochfl\u00e4che einschlie\u00dflich der dazwischen liegenden kleineren Weiler. Wir m\u00f6chten Informationen zur Ortsgeschichte vermitteln, historische Zusammenh\u00e4nge aufzeigen, aussagekr\u00e4ftige Dokumente und Gegenst\u00e4nde bewahren und zeigen sowie die kulturelle Identit\u00e4t allgemein durch verbesserte Kenntnis der regionalen Vergangenheit f\u00f6rdern. Die Ergebnisse unserer Arbeit werden \u00fcber diese Seiten, aber auch durch Vortr\u00e4ge, Schriften, Ausstellungen etc. einer breiteren \u00d6ffentlichkeit und insbesondere der Jugend vermittelt. Einen \u00dcberblick \u00fcber unsere Aktivit\u00e4ten liefert <a href=\"https:\/\/gf-sle.de\/\">unsere Internetseite<\/a>. Unter dem Punkt &#8222;<a href=\"https:\/\/gf-sle.de\/?page_id=397\">Hinweise<\/a>&#8220; gibt es Tipps zur Nutzung des Internetauftritts.<\/span><\/span><\/span><\/p>\n<p align=\"JUSTIFY\"><span style=\"color: #000000;\"><span style=\"font-size: small;\"><span style=\"font-size: medium;\">Neue Mitglieder, Autoren und Sponsoren sind jederzeit herzlich willkommen. In solchen F\u00e4llen empfiehlt sich f\u00fcr Interessenten ein Besuch der regelm\u00e4\u00dfig am ersten Dienstag im Monat ab 19 Uhr stattfindenden Gespr\u00e4chsabende. <\/span><span style=\"font-size: medium;\">Die aktuellen Veranstaltungen sind als Ank\u00fcndigung unter <a href=\"https:\/\/gf-sle.de\/?page_id=1880\">Termine<\/a> <\/span><span style=\"font-size: medium;\"> eingestellt. Unsere Seiten durchsuchen kann man anhand von Kategorien oder Schlagworten (rechte Spalte). Interessierte finden viele Beitr\u00e4ge und Bilder sowie u.a. Informationen zu den bisherigen <a href=\"https:\/\/gf-sle.de\/?page_id=3996\">Ver\u00f6ffentlichungen<\/a>. <\/span><\/span><\/span><\/p>\n<p style=\"text-align: left;\" align=\"JUSTIFY\">Sind Sie an einer Mitgliedschaft interessiert? Alle Informationen dazu finden sie auf der Seite <a href=\"https:\/\/gf-sle.de\/?page_id=5394\">&#8218;Vereinsmitgliedschaft&#8216;<\/a>.<\/p>\n<p align=\"JUSTIFY\"><span style=\"color: #000000;\"><span style=\"font-size: small;\"><span style=\"font-size: medium;\"> Das Geschichtsforum verfolgt keinerlei politische oder wirtschaftliche Ziele, die Mitglieder stehen auf dem Boden der freiheitlich-demokratischen Grundordnung. In unserer <a href=\"http:\/\/db.gf-sle.de\/1000-GFS Satzung.pdf\">Satzung<\/a> sind Vereinszweck und -ziele detailliert aufgef\u00fchrt. Wir sind selbstlos t\u00e4tig und verfolgen ausschlie\u00dflich und unmittelbar gemeinn\u00fctzige Zwecke. <\/span><\/span><\/span><\/p>\n<p style=\"text-align: center;\">_________________________________________<\/p>\n<p>&nbsp;<\/p>\n","protected":false},"excerpt":{"rendered":"<p>Das Geschichtsforum Schleiden e.V. befasst sich mit der Geschichte der Stadt Schleiden mit den Ortschaften Gem\u00fcnd, Olef, Schleiden und Oberhausen in den T\u00e4lern von Urft und Olef sowie Wolfgarten, Herhahn, Morsbach, Scheuren, Ettelscheid, Dreiborn,und Berescheid sowie Bronsfeld, Harperscheid und Sch\u00f6neseiffen &hellip; <a href=\"https:\/\/gf-sle.de\/?page_id=767\">Weiterlesen <span class=\"meta-nav\">&rarr;<\/span><\/a><\/p>\n","protected":false},"author":1,"featured_media":0,"parent":0,"menu_order":1,"comment_status":"closed","ping_status":"closed","template":"","meta":{"ngg_post_thumbnail":0,"footnotes":""},"class_list":["post-767","page","type-page","status-publish","hentry"],"_links":{"self":[{"href":"https:\/\/gf-sle.de\/index.php?rest_route=\/wp\/v2\/pages\/767","targetHints":{"allow":["GET"]}}],"collection":[{"href":"https:\/\/gf-sle.de\/index.php?rest_route=\/wp\/v2\/pages"}],"about":[{"href":"https:\/\/gf-sle.de\/index.php?rest_route=\/wp\/v2\/types\/page"}],"author":[{"embeddable":true,"href":"https:\/\/gf-sle.de\/index.php?rest_route=\/wp\/v2\/users\/1"}],"replies":[{"embeddable":true,"href":"https:\/\/gf-sle.de\/index.php?rest_route=%2Fwp%2Fv2%2Fcomments&post=767"}],"version-history":[{"count":15,"href":"https:\/\/gf-sle.de\/index.php?rest_route=\/wp\/v2\/pages\/767\/revisions"}],"predecessor-version":[{"id":3259,"href":"https:\/\/gf-sle.de\/index.php?rest_route=\/wp\/v2\/pages\/767\/revisions\/3259"}],"wp:attachment":[{"href":"https:\/\/gf-sle.de\/index.php?rest_route=%2Fwp%2Fv2%2Fmedia&parent=767"}],"curies":[{"name":"wp","href":"https:\/\/api.w.org\/{rel}","templated":true}]}}