{"id":8472,"date":"2024-06-18T08:39:13","date_gmt":"2024-06-18T08:39:13","guid":{"rendered":"https:\/\/gf-sle.de\/?page_id=8472"},"modified":"2024-06-18T08:39:13","modified_gmt":"2024-06-18T08:39:13","slug":"mitgliedschaft-online-beantragen","status":"publish","type":"page","link":"https:\/\/gf-sle.de\/?page_id=8472","title":{"rendered":"Mitgliedschaft Online beantragen"},"content":{"rendered":"\n<div class=\"wpcf7 no-js\" id=\"wpcf7-f8243-o1\" lang=\"de-DE\" dir=\"ltr\" data-wpcf7-id=\"8243\">\n<div class=\"screen-reader-response\"><p role=\"status\" aria-live=\"polite\" aria-atomic=\"true\"><\/p> <ul><\/ul><\/div>\n<form action=\"\/index.php?rest_route=%2Fwp%2Fv2%2Fpages%2F8472#wpcf7-f8243-o1\" method=\"post\" class=\"wpcf7-form init wpcf7-acceptance-as-validation\" aria-label=\"Kontaktformular\" novalidate=\"novalidate\" data-status=\"init\">\n<fieldset class=\"hidden-fields-container\"><input type=\"hidden\" name=\"_wpcf7\" value=\"8243\" \/><input type=\"hidden\" name=\"_wpcf7_version\" value=\"6.1.5\" \/><input type=\"hidden\" name=\"_wpcf7_locale\" value=\"de_DE\" \/><input type=\"hidden\" name=\"_wpcf7_unit_tag\" value=\"wpcf7-f8243-o1\" \/><input type=\"hidden\" name=\"_wpcf7_container_post\" value=\"0\" \/><input type=\"hidden\" name=\"_wpcf7_posted_data_hash\" value=\"\" \/>\n<\/fieldset>\n<p><span id=\"wpcf7-69df2ea28315b-wrapper\" class=\"wpcf7-form-control-wrap Mail-wrap\" style=\"display:none !important; visibility:hidden !important;\"><label for=\"wpcf7-69df2ea28315b-field\" class=\"hp-message\">Bitte lasse dieses Feld leer.<\/label><input id=\"wpcf7-69df2ea28315b-field\"  class=\"wpcf7-form-control wpcf7-text\" type=\"text\" name=\"Mail\" value=\"\" size=\"40\" tabindex=\"-1\" autocomplete=\"new-password\" \/><\/span><span id=\"wpcf7-69df2ea2831a4-wrapper\" class=\"wpcf7-form-control-wrap Name-wrap\" style=\"display:none !important; visibility:hidden !important;\"><label for=\"wpcf7-69df2ea2831a4-field\" class=\"hp-message\">Bitte lasse dieses Feld leer.<\/label><input id=\"wpcf7-69df2ea2831a4-field\"  class=\"wpcf7-form-control wpcf7-text\" type=\"text\" name=\"Name\" value=\"\" size=\"40\" tabindex=\"-1\" autocomplete=\"new-password\" \/><\/span>\n<\/p>\n<p style=\"font-size: small; \"><br \/>\nIch\/Wir m\u00f6chte(n) ab <span class=\"wpcf7-form-control-wrap\" data-name=\"Start\"><input size=\"14\" maxlength=\"400\" class=\"wpcf7-form-control wpcf7-text wpcf7-validates-as-required\" aria-required=\"true\" aria-invalid=\"false\" value=\"\" type=\"text\" name=\"Start\" \/><\/span> Vereinsmitglied werden.<br \/>\nVorname\/Nachname<br \/>\n<span class=\"wpcf7-form-control-wrap\" data-name=\"your-name\"><input size=\"70\" maxlength=\"400\" class=\"wpcf7-form-control wpcf7-text wpcf7-validates-as-required\" aria-required=\"true\" aria-invalid=\"false\" value=\"\" type=\"text\" name=\"your-name\" \/><\/span><br \/>\nStra\u00dfe<br \/>\n<span class=\"wpcf7-form-control-wrap\" data-name=\"Strasse\"><input size=\"70\" maxlength=\"400\" class=\"wpcf7-form-control wpcf7-text wpcf7-validates-as-required\" aria-required=\"true\" aria-invalid=\"false\" value=\"\" type=\"text\" name=\"Strasse\" \/><\/span><br \/>\nPLZ\/Ort<br \/>\n<span class=\"wpcf7-form-control-wrap\" data-name=\"PLZOrt\"><input size=\"70\" maxlength=\"400\" class=\"wpcf7-form-control wpcf7-text wpcf7-validates-as-required\" aria-required=\"true\" aria-invalid=\"false\" value=\"\" type=\"text\" name=\"PLZOrt\" \/><\/span><br \/>\nE-Mail-Adresse<br \/>\n<span class=\"wpcf7-form-control-wrap\" data-name=\"email-968\"><input size=\"70\" maxlength=\"400\" class=\"wpcf7-form-control wpcf7-email wpcf7-validates-as-required wpcf7-text wpcf7-validates-as-email\" aria-required=\"true\" aria-invalid=\"false\" value=\"\" type=\"email\" name=\"email-968\" \/><\/span><br \/>\nTelefonnummer: <span class=\"wpcf7-form-control-wrap\" data-name=\"Telefonnummer\"><input size=\"20\" maxlength=\"400\" class=\"wpcf7-form-control wpcf7-tel wpcf7-validates-as-required wpcf7-text wpcf7-validates-as-tel\" aria-required=\"true\" aria-invalid=\"false\" value=\"\" type=\"tel\" name=\"Telefonnummer\" \/><\/span> Geburtsdatum <span class=\"wpcf7-form-control-wrap\" data-name=\"GebTag\"><input class=\"wpcf7-form-control wpcf7-date wpcf7-validates-as-date\" aria-invalid=\"false\" value=\"\" type=\"date\" name=\"GebTag\" \/><\/span><br \/>\n<span class=\"wpcf7-form-control-wrap\" data-name=\"checkbox-117\"><span class=\"wpcf7-form-control wpcf7-checkbox\"><span class=\"wpcf7-list-item first last\"><label><input type=\"checkbox\" name=\"checkbox-117[]\" value=\"Sch\u00fcler\/Azubi\/Student\" \/><span class=\"wpcf7-list-item-label\">Sch\u00fcler\/Azubi\/Student<\/span><\/label><\/span><\/span><\/span> voraussichtlich bis (Monat Jahr) <span class=\"wpcf7-form-control-wrap\" data-name=\"bis\"><input size=\"8\" maxlength=\"400\" class=\"wpcf7-form-control wpcf7-text\" aria-invalid=\"false\" value=\"\" type=\"text\" name=\"bis\" \/><\/span>\n<\/p>\n<p style=\"font-size: small; \"> Der Mitgliedsbeitrag betr\u00e4gt f\u00fcr Mitglieder <strong>24 Euro<\/strong> pro Kalenderjahr und wird j\u00e4hrlich abgebucht. Sch\u00fcler, Auszubildende und Studenten k\u00f6nnen beitragsfrei Mitglied werden.<br \/>\nDie Mitgliedschaft kann zum Ende eines Kalenderjahres schriftlich gek\u00fcndigt werden. Die K\u00fcndigung ist mit einer Frist von 6 Wochen vor Ende des Kalenderjahres dem Vereinsvorstand zukommen zu lassen.\n<\/p>\n<p style=\"font-size: small; \"><strong>SEPA-Lastschriftmandat (Einzugserm\u00e4chtigung)<\/strong><br \/>\nIch erm\u00e4chtige das Geschichtsforum Schleiden e.V. (Gl\u00e4ubiger-Id: DE09ZZZ00001077962) Zahlungen von meinem Konto mittels Lastschrift einzuziehen. Zugleich weise ich mein Kreditinstitut an, die vom das Geschichtsforum Schleiden e.V. auf mein Konto gezogenen Lastschriften einzul\u00f6sen. Die Mandatsreferenz-Nr ist die GFS-Mitgliedsnummer.<br \/>\nHinweis: Ich kann innerhalb von acht Wochen, beginnend mit dem Belastungsdatum, die Erstattung des belasteten Betrages verlangen. Es gelten dabei die mit meinem Kreditinstitut vereinbarten Bedingungen.<br \/>\nIBAN: <span class=\"wpcf7-form-control-wrap\" data-name=\"IBAN1\"><input size=\"40\" maxlength=\"400\" class=\"wpcf7-form-control wpcf7-text wpcf7-validates-as-required\" aria-required=\"true\" aria-invalid=\"false\" value=\"\" type=\"text\" name=\"IBAN1\" \/><\/span><br \/>\nKontoinhaber, nur wenn nicht identisch mit dem Antragsteller:<br \/>\nKontoinhaber\/in: <span class=\"wpcf7-form-control-wrap\" data-name=\"KtoInh\"><input size=\"70\" maxlength=\"400\" class=\"wpcf7-form-control wpcf7-text\" aria-invalid=\"false\" value=\"\" type=\"text\" name=\"KtoInh\" \/><\/span><strong>Datenschutzvereinbarung (pdf)<\/strong><br \/>\n(1) Ich willige ein, dass meine Kontaktdaten zum Zwecke der vereinsinternen Kommunikation allen Vereinsmitgliedern zur Verf\u00fcgung gestellt werden.<br \/>\n(2) Ich willige weiterhin ein, dass diese in einem durch Passwort gesch\u00fctzten Internetbereich zur Verf\u00fcgung stehen, zu dem nur Vereinsmitglieder Zugang erhalten. Mir ist bekannt, dass eine Weitergabe der Daten ohne Einwilligung der betroffenen Person nicht zul\u00e4ssig ist und die Nutzung der Kontaktdaten ausschlie\u00dflich zu Vereinszwecken erfolgen darf.<br \/>\n(3) Ich willige ein, dass meine Kontaktdaten in Zusammenhang mit an den Verein gestellten Anfragen sowie f\u00fcr Publikationen an Dritte weitergegeben werden d\u00fcrfen. Der Vorstand in-formiert das Mitglied \u00fcber eine aufgrund dieser Einwilligung erfolgten Weitergabe.<br \/>\n(4) Sie k\u00f6nnen jederzeit ohne Angabe von Gr\u00fcnden von Ihrem Widerspruchsrecht Gebrauch machen und die erteilte Einwilligungserkl\u00e4rung mit Wirkung f\u00fcr die Zukunft ab\u00e4ndern oder g\u00e4nzlich widerrufen, ohne dass die Rechtm\u00e4\u00dfigkeit der aufgrund der Einwilligung bis zum Widerruf erfolgten Verarbeitung, ber\u00fchrt wird. Sie k\u00f6nnen den Widerruf entweder postalisch oder per E-Mail an den Verein \u00fcbermitteln.<br \/>\nIch m\u00f6chte Mitglied im Verein werden und bin mit dem Einzug der Vereinsbeitr\u00e4ge und den Datenschutzregelungen einverstanden. <span class=\"wpcf7-form-control-wrap\" data-name=\"acceptance-564\"><span class=\"wpcf7-form-control wpcf7-acceptance\"><span class=\"wpcf7-list-item\"><input type=\"checkbox\" name=\"acceptance-564\" value=\"1\" aria-invalid=\"false\" \/><\/span><\/span><\/span><span style=\"color:#FF0000\"> Ich bin einverstanden<\/span><br \/>\nSind alle Eingaben ok? Wenn ja, bitte den Antrag absenden. Wir pr\u00fcfen den Antrag und melden uns in K\u00fcrze.<br \/>\n<span style=\"color:#FF0000\"> <\/span><input class=\"wpcf7-form-control wpcf7-submit has-spinner\" type=\"submit\" value=\"Anmeldung absenden\" \/>\n<\/p><div class=\"wpcf7-response-output\" aria-hidden=\"true\"><\/div>\n<\/form>\n<\/div>\n\n","protected":false},"excerpt":{"rendered":"<p>&nbsp;<\/p>\n","protected":false},"author":1,"featured_media":0,"parent":0,"menu_order":0,"comment_status":"closed","ping_status":"closed","template":"","meta":{"ngg_post_thumbnail":0,"footnotes":""},"class_list":["post-8472","page","type-page","status-publish","hentry"],"_links":{"self":[{"href":"https:\/\/gf-sle.de\/index.php?rest_route=\/wp\/v2\/pages\/8472","targetHints":{"allow":["GET"]}}],"collection":[{"href":"https:\/\/gf-sle.de\/index.php?rest_route=\/wp\/v2\/pages"}],"about":[{"href":"https:\/\/gf-sle.de\/index.php?rest_route=\/wp\/v2\/types\/page"}],"author":[{"embeddable":true,"href":"https:\/\/gf-sle.de\/index.php?rest_route=\/wp\/v2\/users\/1"}],"replies":[{"embeddable":true,"href":"https:\/\/gf-sle.de\/index.php?rest_route=%2Fwp%2Fv2%2Fcomments&post=8472"}],"version-history":[{"count":1,"href":"https:\/\/gf-sle.de\/index.php?rest_route=\/wp\/v2\/pages\/8472\/revisions"}],"predecessor-version":[{"id":8473,"href":"https:\/\/gf-sle.de\/index.php?rest_route=\/wp\/v2\/pages\/8472\/revisions\/8473"}],"wp:attachment":[{"href":"https:\/\/gf-sle.de\/index.php?rest_route=%2Fwp%2Fv2%2Fmedia&parent=8472"}],"curies":[{"name":"wp","href":"https:\/\/api.w.org\/{rel}","templated":true}]}}